{"id":1019,"date":"2025-07-05T20:32:49","date_gmt":"2025-07-05T18:32:49","guid":{"rendered":"https:\/\/www.full-metal-mayrhofen.com\/?page_id=1019"},"modified":"2026-03-23T14:12:25","modified_gmt":"2026-03-23T13:12:25","slug":"buchung","status":"publish","type":"page","link":"https:\/\/www.full-metal-mayrhofen.com\/de\/buchung\/","title":{"rendered":"Buchung"},"content":{"rendered":"<ul>\n<li>\n<p>        <img decoding=\"async\" src=\"\/wp-content\/uploads\/2024\/11\/Piste-Ahorn-copyright-Mayrhofner-Bergbahnen.jpg\" alt=\"Foto: Dominic-Ebenbichler\"><\/p>\n<\/li>\n<li>\n<p>        <img decoding=\"async\" src=\"\/wp-content\/uploads\/2024\/11\/Penkenbahn-der-Mayrhofner-Bergbahnen-im-Winter-copyright-Mayrhofner-Bergbahnen.jpg\" alt=\"\"><\/p>\n<\/li>\n<li>\n<p>        <img decoding=\"async\" src=\"\/wp-content\/uploads\/2024\/11\/Landscapes-Winter-am-Ahorn-und-Penken-copyright-Mayrhofner-Bergbahnen.jpg\" alt=\"\"><\/p>\n<\/li>\n<\/ul>\n<h1>Buchung<\/h1>\n<hr>\n<h1>Buche jetzt deinen ultimativen Winterurlaub<\/h1>\n<h1>und sichere dir deinen Platz f\u00fcr Full Metal Mayrhofen!<\/h1>\n<div>\n<p>Du hast die Wahl: Gro\u00dfes Apartment, luxuri\u00f6ses Hotelzimmer oder doch lieber ein gem\u00fctliches Alpenchalet? Full Metal Mayrhofen bietet Unterkunftsm\u00f6glichkeiten f\u00fcr jedes Budget und jede Gruppengr\u00f6\u00dfe. Du kannst im Zentrum von Mayrhofen \u00fcbernachten oder in ruhiger gelegenen Unterk\u00fcnften in der Umgebung von Mayrhofen im atemberaubenden Zillertal. Die folgenden Buchungsm\u00f6glichkeiten stehen dir zur Verf\u00fcgung.<\/p>\n<h5><strong>Tickets f\u00fcr Full Metal Mayrhofen 2026 gibt es ab sofort direkt vor Ort an der Abendkasse. Das Buchen von Online-Tickets ist nicht mehr m\u00f6glich.<\/strong><\/h5>\n<\/div>\n<h3>Hard Facts<\/h3>\n<ul>\n<li>\n<h3>Festival Ticket \u201cPlus\u201d f\u00fcr sechs Tage:<\/h3>\n<p>(inkl. 4 mal Flexi-Ticket)<\/p>\n<div>\n<p style=\"text-align: right;\">299 Euro<\/p>\n<\/div>\n<\/li>\n<li>\n<h3>Festival Ticket f\u00fcr sechs Tage:<\/h3>\n<div>\n<p style=\"text-align: right;\">229 Euro<\/p>\n<\/div>\n<\/li>\n<li>\n<h3>Festival-Ticket \u201cPlus\u201d f\u00fcr drei Tage:<\/h3>\n<p>(inkl. 2 mal Flexi-Ticket)<\/p>\n<div>\n<p style=\"text-align: right;\"><span>\u00a0<\/span><strong>195 Euro<\/strong><\/p>\n<\/div>\n<\/li>\n<li>\n<h3>Festival-Ticket f\u00fcr drei Tage:<\/h3>\n<div>155 Euro<\/div>\n<\/li>\n<li>\n<h3>Tagesticket  Waldfestplatz &#8222;Forest Stage&#8220;<\/h3>\n<div>\n<p>80 Euro<\/p>\n<\/div>\n<\/li>\n<li>\n<h3>Tagesticket Europahaus &#8222;Hall Of The Mountain King&#8220; Stage<\/h3>\n<div>\n<p>30 Euro<\/p>\n<\/div>\n<\/li>\n<\/ul>\n<ul>\n<li>\n<div>Es bleibt damit ausreichend Zeit zum Chillen oder Wellnessen!<\/div>\n<\/li>\n<li>\n<div>Wintersportlern empfehlen wir hier einen Skipass zu buchen \u2013 <a href=\"https:\/\/www.skiticket.at\" target=\"_blank\" rel=\"noopener\">www.skiticket.at<\/a><\/div>\n<\/li>\n<li>\n<div>Mit dem Flexi Ticket ist je gew\u00e4hltem Tag EINE Berg- und Talfahrt mit der Penkenbahn m\u00f6glich!<\/div>\n<\/li>\n<li>\n<div>Ein Upgrade, eine Anrechenbarkeit oder eine Auszahlung der im Festivalpass \u201ePLUS\u201c inkludierten Berg- &amp; Talfahrttickets f\u00fcr Skip\u00e4sse ist aus technischen Gr\u00fcnden NICHT m\u00f6glich!<\/div>\n<\/li>\n<li>\n<div>Die Veranstaltungen auf den Mountainstages sind kostenfrei!<\/div>\n<\/li>\n<li>\n<div>Die Benutzung der Kombibahn am Penken zum Pendeln zwischen den Mountainstages ist am Tag der Nutzung des Flexi Ticket kostenfrei<\/div>\n<\/li>\n<li>\n<div>Das Flexi Ticket ist ein personenbezogenes Ticket und ist daher NICHT \u00fcbertragbar! Bei Missbrauch erfolgt die automatisierte Sperrung des Flexi Ticket<\/div>\n<\/li>\n<li>\n<div>Mit dem Flexi Ticket ist die Ben\u00fctzung der Penkenbahn mit Ski- oder Snowboardausr\u00fcstung nicht erlaubt!<\/div>\n<\/li>\n<\/ul>\n<p><!--more--><br \/>\n<!-- {\"type\":\"layout\",\"children\":[{\"type\":\"section\",\"props\":{\"header_transparent\":true,\"height\":\"pixels\",\"height_viewport\":300,\"id\":\"buchung_header\",\"image_position\":\"center-center\",\"padding\":\"xsmall\",\"padding_remove_top\":true,\"style\":\"default\",\"title_breakpoint\":\"xl\",\"title_position\":\"top-left\",\"title_rotation\":\"left\",\"vertical_align\":\"\",\"width\":\"\"},\"children\":[{\"type\":\"row\",\"children\":[{\"type\":\"column\",\"props\":{\"image_position\":\"center-center\",\"position_sticky_breakpoint\":\"m\"},\"children\":[{\"type\":\"slideshow\",\"props\":{\"link_style\":\"default\",\"link_text\":\"Read more\",\"margin\":\"default\",\"meta_align\":\"below-title\",\"meta_element\":\"div\",\"meta_style\":\"text-meta\",\"nav\":\"dotnav\",\"nav_align\":\"center\",\"nav_breakpoint\":\"s\",\"nav_position\":\"bottom-center\",\"nav_position_margin\":\"medium\",\"overlay_animation\":\"parallax\",\"overlay_position\":\"center-left\",\"show_content\":false,\"show_link\":false,\"show_meta\":false,\"show_thumbnail\":false,\"show_title\":false,\"slidenav\":\"default\",\"slidenav_breakpoint\":\"s\",\"slidenav_margin\":\"medium\",\"slidenav_outside_breakpoint\":\"xl\",\"slideshow_autoplay\":true,\"slideshow_autoplay_pause\":true,\"slideshow_height\":\"viewport\",\"slideshow_height_viewport\":50,\"slideshow_min_height\":300,\"thumbnav_height\":\"75\",\"thumbnav_svg_color\":\"emphasis\",\"thumbnav_width\":\"100\",\"title_element\":\"h3\",\"title_hover_style\":\"reset\"},\"children\":[{\"type\":\"slideshow_item\",\"props\":{\"image\":\"wp-content\\\/uploads\\\/2024\\\/11\\\/Piste-Ahorn-copyright-Mayrhofner-Bergbahnen.jpg\",\"image_alt\":\"Foto: Dominic-Ebenbichler\",\"image_focal_point\":\"bottom-center\"}},{\"type\":\"slideshow_item\",\"props\":{\"image\":\"wp-content\\\/uploads\\\/2024\\\/11\\\/Penkenbahn-der-Mayrhofner-Bergbahnen-im-Winter-copyright-Mayrhofner-Bergbahnen.jpg\"}},{\"type\":\"slideshow_item\",\"props\":{\"image\":\"wp-content\\\/uploads\\\/2024\\\/11\\\/Landscapes-Winter-am-Ahorn-und-Penken-copyright-Mayrhofner-Bergbahnen.jpg\"}}]}]}]}]},{\"name\":\"Hero\",\"type\":\"section\",\"props\":{\"image_position\":\"center-center\",\"padding_remove_bottom\":false,\"padding_remove_top\":false,\"style\":\"default\",\"title_breakpoint\":\"xl\",\"title_position\":\"top-left\",\"title_rotation\":\"left\",\"vertical_align\":\"\",\"width\":\"xlarge\"},\"children\":[{\"type\":\"row\",\"children\":[{\"type\":\"column\",\"props\":{\"image_position\":\"center-center\",\"position_sticky_breakpoint\":\"m\",\"width_medium\":\"1-1\"},\"children\":[{\"type\":\"headline\",\"props\":{\"animation\":\"none\",\"blend\":false,\"content\":\"Buchung\",\"margin\":\"small\",\"parallax_breakpoint\":\"m\",\"parallax_easing\":\"1\",\"parallax_y\":\"0,-75\",\"text_align\":\"center\",\"title_element\":\"h1\",\"title_style\":\"h5\"}},{\"type\":\"divider\",\"props\":{\"block_align\":\"center\",\"divider_element\":\"hr\",\"divider_style\":\"icon\",\"margin\":\"small\",\"margin_remove_bottom\":false,\"margin_remove_top\":false,\"maxwidth\":\"medium\"}},{\"type\":\"headline\",\"props\":{\"content\":\"Buche jetzt deinen ultimativen Winterurlaub\",\"text_align\":\"center\",\"title_element\":\"h1\",\"title_style\":\"h1\"}},{\"type\":\"headline\",\"props\":{\"content\":\"und sichere dir deinen Platz f\\u00fcr Full Metal Mayrhofen!\",\"margin_remove_top\":true,\"text_align\":\"center\",\"title_color\":\"primary\",\"title_element\":\"h1\",\"title_style\":\"h3\"}}]}],\"props\":{\"alignment\":\"center\",\"width\":\"default\"}},{\"type\":\"row\",\"props\":{\"layout\":\"1-4,1-2,1-4\"},\"children\":[{\"type\":\"column\",\"props\":{\"image_position\":\"center-center\",\"position_sticky_breakpoint\":\"m\",\"width_medium\":\"1-4\"}},{\"type\":\"column\",\"props\":{\"image_position\":\"center-center\",\"position_sticky_breakpoint\":\"m\",\"width_medium\":\"1-2\"},\"children\":[{\"type\":\"text\",\"props\":{\"column_breakpoint\":\"m\",\"content\":\"\n\n<p>Du hast die Wahl: Gro\\u00dfes Apartment, luxuri\\u00f6ses Hotelzimmer oder doch lieber ein gem\\u00fctliches Alpenchalet? Full Metal Mayrhofen bietet Unterkunftsm\\u00f6glichkeiten f\\u00fcr jedes Budget und jede Gruppengr\\u00f6\\u00dfe. Du kannst im Zentrum von Mayrhofen \\u00fcbernachten oder in ruhiger gelegenen Unterk\\u00fcnften in der Umgebung von Mayrhofen im atemberaubenden Zillertal. Die folgenden Buchungsm\\u00f6glichkeiten stehen dir zur Verf\\u00fcgung.<\\\/p>\\n\n\n<h5><strong>Tickets f\\u00fcr Full Metal Mayrhofen 2026 gibt es ab sofort direkt vor Ort an der Abendkasse. Das Buchen von Online-Tickets ist nicht mehr m\\u00f6glich.<\\\/strong><\\\/h5>\",\"margin\":\"medium\",\"text_align\":\"center\"}}]},{\"type\":\"column\",\"props\":{\"image_position\":\"center-center\",\"position_sticky_breakpoint\":\"m\",\"width_medium\":\"1-4\"}}]}]},{\"type\":\"section\",\"props\":{\"image_position\":\"center-center\",\"padding_remove_bottom\":true,\"style\":\"default\",\"title_breakpoint\":\"xl\",\"title_position\":\"top-left\",\"title_rotation\":\"left\",\"vertical_align\":\"middle\",\"width\":\"large\"},\"children\":[{\"type\":\"row\",\"children\":[{\"type\":\"column\",\"props\":{\"image_position\":\"center-center\",\"position_sticky_breakpoint\":\"m\"},\"children\":[{\"type\":\"widgetkit\",\"props\":{\"link_style\":\"default\",\"margin\":\"default\",\"title_decoration\":\"bullet\",\"title_element\":\"h2\",\"title_style\":\"h3\",\"widget\":\"8\"}}]}]}],\"name\":\"Buchung\"},{\"type\":\"section\",\"props\":{\"image_position\":\"center-center\",\"style\":\"default\",\"title_breakpoint\":\"xl\",\"title_position\":\"top-left\",\"title_rotation\":\"left\",\"vertical_align\":\"middle\",\"width\":\"default\"},\"children\":[{\"type\":\"row\",\"children\":[{\"type\":\"column\",\"props\":{\"image_position\":\"center-center\",\"position_sticky_breakpoint\":\"m\"},\"children\":[{\"type\":\"headline\",\"props\":{\"block_align\":\"center\",\"content\":\"Hard Facts\",\"margin_remove_top\":false,\"maxwidth\":\"2xlarge\",\"text_align\":\"center\",\"title_element\":\"h3\",\"title_style\":\"h2\"}},{\"type\":\"description_list\",\"props\":{\"column_breakpoint\":\"m\",\"content_style\":\"text-lead\",\"layout\":\"grid-2\",\"list_element\":\"ul\",\"list_style\":\"striped\",\"meta_align\":\"below-content\",\"meta_style\":\"text-meta\",\"show_content\":true,\"show_link\":true,\"show_meta\":true,\"show_title\":true,\"title_element\":\"div\",\"title_grid_column_gap\":\"large\",\"title_grid_row_gap\":\"\",\"title_grid_width\":\"expand\",\"title_style\":\"text-lead\"},\"children\":[{\"type\":\"description_list_item\",\"props\":{\"content\":\"\n\n<p style=\\\"text-align: right;\\\">299 Euro<\\\/p>\",\"meta\":\"(inkl. 4 mal Flexi-Ticket)\",\"title\":\"Festival Ticket \\u201cPlus\\u201d f\\u00fcr sechs Tage:\"}},{\"type\":\"description_list_item\",\"props\":{\"content\":\"\n\n<p style=\\\"text-align: right;\\\">229 Euro<\\\/p>\",\"meta\":\"\",\"title\":\"Festival Ticket f\\u00fcr sechs Tage:\"}},{\"type\":\"description_list_item\",\"props\":{\"content\":\"\n\n<p style=\\\"text-align: right;\\\"><span>\\u00a0<\\\/span><strong>195 Euro<\\\/strong><\\\/p>\",\"meta\":\"(inkl. 2 mal Flexi-Ticket)\",\"title\":\"Festival-Ticket \\u201cPlus\\u201d f\\u00fcr drei Tage:\"}},{\"type\":\"description_list_item\",\"props\":{\"content\":\"155 Euro\",\"meta\":\"\",\"title\":\"Festival-Ticket f\\u00fcr drei Tage:\"}},{\"type\":\"description_list_item\",\"props\":{\"content\":\"\n\n<p>80 Euro<\\\/p>\",\"title\":\"Tagesticket  Waldfestplatz \\\"Forest Stage\\\"\"}},{\"type\":\"description_list_item\",\"props\":{\"content\":\"\n\n<p>30 Euro<\\\/p>\",\"meta\":\"\",\"title\":\"Tagesticket Europahaus \\\"Hall Of The Mountain King\\\" Stage\"}}]},{\"type\":\"list\",\"props\":{\"column\":\"1-2\",\"column_breakpoint\":\"m\",\"image_align\":\"left\",\"image_svg_color\":\"emphasis\",\"image_vertical_align\":true,\"list_element\":\"ul\",\"list_horizontal_separator\":\", \",\"list_marker\":\"circle\",\"list_type\":\"vertical\",\"show_image\":true,\"show_link\":true},\"children\":[{\"type\":\"list_item\",\"props\":{\"content\":\"Es bleibt damit ausreichend Zeit zum Chillen oder Wellnessen!\"}},{\"type\":\"list_item\",\"props\":{\"content\":\"Wintersportlern empfehlen wir hier einen Skipass zu buchen \\u2013 <a href=\\\"https:\\\/\\\/www.skiticket.at\\\" target=\\\"_blank\\\" rel=\\\"noopener\\\">www.skiticket.at<\\\/a>\"}},{\"type\":\"list_item\",\"props\":{\"content\":\"Mit dem Flexi Ticket ist je gew\\u00e4hltem Tag EINE Berg- und Talfahrt mit der Penkenbahn m\\u00f6glich!\"}},{\"type\":\"list_item\",\"props\":{\"content\":\"Ein Upgrade, eine Anrechenbarkeit oder eine Auszahlung der im Festivalpass \\u201ePLUS\\u201c inkludierten Berg- &amp; Talfahrttickets f\\u00fcr Skip\\u00e4sse ist aus technischen Gr\\u00fcnden NICHT m\\u00f6glich!\"}},{\"type\":\"list_item\",\"props\":{\"content\":\"Die Veranstaltungen auf den Mountainstages sind kostenfrei!\"}},{\"type\":\"list_item\",\"props\":{\"content\":\"Die Benutzung der Kombibahn am Penken zum Pendeln zwischen den Mountainstages ist am Tag der Nutzung des Flexi Ticket kostenfrei\"}},{\"type\":\"list_item\",\"props\":{\"content\":\"Das Flexi Ticket ist ein personenbezogenes Ticket und ist daher NICHT \\u00fcbertragbar! Bei Missbrauch erfolgt die automatisierte Sperrung des Flexi Ticket\"}},{\"type\":\"list_item\",\"props\":{\"content\":\"Mit dem Flexi Ticket ist die Ben\\u00fctzung der Penkenbahn mit Ski- oder Snowboardausr\\u00fcstung nicht erlaubt!\"}}]}]}]}],\"name\":\"Hard Facts\"}],\"version\":\"4.5.33\"} --><\/p>\n","protected":false},"excerpt":{"rendered":"<p>Buchung Buche jetzt deinen ultimativen Winterurlaub und sichere dir deinen Platz f\u00fcr Full Metal Mayrhofen! Du hast die Wahl: Gro\u00dfes Apartment, luxuri\u00f6ses Hotelzimmer oder doch lieber ein gem\u00fctliches Alpenchalet? Full Metal Mayrhofen bietet Unterkunftsm\u00f6glichkeiten f\u00fcr jedes Budget und jede Gruppengr\u00f6\u00dfe. Du kannst im Zentrum von Mayrhofen \u00fcbernachten oder in ruhiger gelegenen Unterk\u00fcnften in der Umgebung [&hellip;]<\/p>\n","protected":false},"author":3,"featured_media":0,"parent":0,"menu_order":0,"comment_status":"closed","ping_status":"closed","template":"","meta":{"footnotes":""},"class_list":["post-1019","page","type-page","status-publish","hentry"],"yoast_head":"<!-- This site is optimized with the Yoast SEO plugin v26.6 - https:\/\/yoast.com\/wordpress\/plugins\/seo\/ -->\n<title>Buchung | Full Metal Mayrhofen<\/title>\n<meta name=\"robots\" content=\"index, follow, max-snippet:-1, max-image-preview:large, max-video-preview:-1\" \/>\n<link rel=\"canonical\" href=\"https:\/\/www.full-metal-mayrhofen.com\/de\/buchung\/\" \/>\n<meta property=\"og:locale\" content=\"de_DE\" \/>\n<meta property=\"og:type\" content=\"article\" \/>\n<meta property=\"og:title\" content=\"Buchung | Full Metal Mayrhofen\" \/>\n<meta property=\"og:description\" content=\"Buchung Buche jetzt deinen ultimativen Winterurlaub und sichere dir deinen Platz f\u00fcr Full Metal Mayrhofen! Du hast die Wahl: Gro\u00dfes Apartment, luxuri\u00f6ses Hotelzimmer oder doch lieber ein gem\u00fctliches Alpenchalet? Full Metal Mayrhofen bietet Unterkunftsm\u00f6glichkeiten f\u00fcr jedes Budget und jede Gruppengr\u00f6\u00dfe. Du kannst im Zentrum von Mayrhofen \u00fcbernachten oder in ruhiger gelegenen Unterk\u00fcnften in der Umgebung [&hellip;]\" \/>\n<meta property=\"og:url\" content=\"https:\/\/www.full-metal-mayrhofen.com\/de\/buchung\/\" \/>\n<meta property=\"og:site_name\" content=\"Full Metal Mayrhofen\" \/>\n<meta property=\"article:publisher\" content=\"https:\/\/www.facebook.com\/FullMetalMayrhofen.Official\/\" \/>\n<meta property=\"article:modified_time\" content=\"2026-03-23T13:12:25+00:00\" \/>\n<meta property=\"og:image\" content=\"https:\/\/www.full-metal-mayrhofen.com\/wp-content\/uploads\/2025\/01\/fmm_2025_bandposter_1024x576_241114.jpg\" \/>\n\t<meta property=\"og:image:width\" content=\"1024\" \/>\n\t<meta property=\"og:image:height\" content=\"576\" \/>\n\t<meta property=\"og:image:type\" content=\"image\/jpeg\" \/>\n<meta name=\"twitter:card\" content=\"summary_large_image\" \/>\n<meta name=\"twitter:label1\" content=\"Gesch\u00e4tzte Lesezeit\" \/>\n\t<meta name=\"twitter:data1\" content=\"2\u00a0Minuten\" \/>\n<script type=\"application\/ld+json\" class=\"yoast-schema-graph\">{\"@context\":\"https:\/\/schema.org\",\"@graph\":[{\"@type\":\"WebPage\",\"@id\":\"https:\/\/www.full-metal-mayrhofen.com\/buchung\/\",\"url\":\"https:\/\/www.full-metal-mayrhofen.com\/buchung\/\",\"name\":\"Buchung | Full Metal Mayrhofen\",\"isPartOf\":{\"@id\":\"https:\/\/www.full-metal-mayrhofen.com\/de\/#website\"},\"datePublished\":\"2025-07-05T18:32:49+00:00\",\"dateModified\":\"2026-03-23T13:12:25+00:00\",\"breadcrumb\":{\"@id\":\"https:\/\/www.full-metal-mayrhofen.com\/buchung\/#breadcrumb\"},\"inLanguage\":\"de\",\"potentialAction\":[{\"@type\":\"ReadAction\",\"target\":[\"https:\/\/www.full-metal-mayrhofen.com\/buchung\/\"]}]},{\"@type\":\"BreadcrumbList\",\"@id\":\"https:\/\/www.full-metal-mayrhofen.com\/buchung\/#breadcrumb\",\"itemListElement\":[{\"@type\":\"ListItem\",\"position\":1,\"name\":\"Startseite\",\"item\":\"https:\/\/www.full-metal-mayrhofen.com\/\"},{\"@type\":\"ListItem\",\"position\":2,\"name\":\"Buchung\"}]},{\"@type\":\"WebSite\",\"@id\":\"https:\/\/www.full-metal-mayrhofen.com\/de\/#website\",\"url\":\"https:\/\/www.full-metal-mayrhofen.com\/de\/\",\"name\":\"Full Metal Mayrhofen\",\"description\":\"\",\"publisher\":{\"@id\":\"https:\/\/www.full-metal-mayrhofen.com\/de\/#organization\"},\"potentialAction\":[{\"@type\":\"SearchAction\",\"target\":{\"@type\":\"EntryPoint\",\"urlTemplate\":\"https:\/\/www.full-metal-mayrhofen.com\/de\/?s={search_term_string}\"},\"query-input\":{\"@type\":\"PropertyValueSpecification\",\"valueRequired\":true,\"valueName\":\"search_term_string\"}}],\"inLanguage\":\"de\"},{\"@type\":\"Organization\",\"@id\":\"https:\/\/www.full-metal-mayrhofen.com\/de\/#organization\",\"name\":\"Full Metal Mayrhofen\",\"url\":\"https:\/\/www.full-metal-mayrhofen.com\/de\/\",\"logo\":{\"@type\":\"ImageObject\",\"inLanguage\":\"de\",\"@id\":\"https:\/\/www.full-metal-mayrhofen.com\/de\/#\/schema\/logo\/image\/\",\"url\":\"https:\/\/www.full-metal-mayrhofen.com\/wp-content\/uploads\/2024\/11\/FMM_2025_Logo_RZ_300.png\",\"contentUrl\":\"https:\/\/www.full-metal-mayrhofen.com\/wp-content\/uploads\/2024\/11\/FMM_2025_Logo_RZ_300.png\",\"width\":300,\"height\":222,\"caption\":\"Full Metal Mayrhofen\"},\"image\":{\"@id\":\"https:\/\/www.full-metal-mayrhofen.com\/de\/#\/schema\/logo\/image\/\"},\"sameAs\":[\"https:\/\/www.facebook.com\/FullMetalMayrhofen.Official\/\",\"https:\/\/www.instagram.com\/fullmetalmayrhofen.official\/\"]}]}<\/script>\n<!-- \/ Yoast SEO plugin. -->","yoast_head_json":{"title":"Buchung | Full Metal Mayrhofen","robots":{"index":"index","follow":"follow","max-snippet":"max-snippet:-1","max-image-preview":"max-image-preview:large","max-video-preview":"max-video-preview:-1"},"canonical":"https:\/\/www.full-metal-mayrhofen.com\/de\/buchung\/","og_locale":"de_DE","og_type":"article","og_title":"Buchung | Full Metal Mayrhofen","og_description":"Buchung Buche jetzt deinen ultimativen Winterurlaub und sichere dir deinen Platz f\u00fcr Full Metal Mayrhofen! Du hast die Wahl: Gro\u00dfes Apartment, luxuri\u00f6ses Hotelzimmer oder doch lieber ein gem\u00fctliches Alpenchalet? Full Metal Mayrhofen bietet Unterkunftsm\u00f6glichkeiten f\u00fcr jedes Budget und jede Gruppengr\u00f6\u00dfe. Du kannst im Zentrum von Mayrhofen \u00fcbernachten oder in ruhiger gelegenen Unterk\u00fcnften in der Umgebung [&hellip;]","og_url":"https:\/\/www.full-metal-mayrhofen.com\/de\/buchung\/","og_site_name":"Full Metal Mayrhofen","article_publisher":"https:\/\/www.facebook.com\/FullMetalMayrhofen.Official\/","article_modified_time":"2026-03-23T13:12:25+00:00","og_image":[{"width":1024,"height":576,"url":"https:\/\/www.full-metal-mayrhofen.com\/wp-content\/uploads\/2025\/01\/fmm_2025_bandposter_1024x576_241114.jpg","type":"image\/jpeg"}],"twitter_card":"summary_large_image","twitter_misc":{"Gesch\u00e4tzte Lesezeit":"2\u00a0Minuten"},"schema":{"@context":"https:\/\/schema.org","@graph":[{"@type":"WebPage","@id":"https:\/\/www.full-metal-mayrhofen.com\/buchung\/","url":"https:\/\/www.full-metal-mayrhofen.com\/buchung\/","name":"Buchung | Full Metal Mayrhofen","isPartOf":{"@id":"https:\/\/www.full-metal-mayrhofen.com\/de\/#website"},"datePublished":"2025-07-05T18:32:49+00:00","dateModified":"2026-03-23T13:12:25+00:00","breadcrumb":{"@id":"https:\/\/www.full-metal-mayrhofen.com\/buchung\/#breadcrumb"},"inLanguage":"de","potentialAction":[{"@type":"ReadAction","target":["https:\/\/www.full-metal-mayrhofen.com\/buchung\/"]}]},{"@type":"BreadcrumbList","@id":"https:\/\/www.full-metal-mayrhofen.com\/buchung\/#breadcrumb","itemListElement":[{"@type":"ListItem","position":1,"name":"Startseite","item":"https:\/\/www.full-metal-mayrhofen.com\/"},{"@type":"ListItem","position":2,"name":"Buchung"}]},{"@type":"WebSite","@id":"https:\/\/www.full-metal-mayrhofen.com\/de\/#website","url":"https:\/\/www.full-metal-mayrhofen.com\/de\/","name":"Full Metal Mayrhofen","description":"","publisher":{"@id":"https:\/\/www.full-metal-mayrhofen.com\/de\/#organization"},"potentialAction":[{"@type":"SearchAction","target":{"@type":"EntryPoint","urlTemplate":"https:\/\/www.full-metal-mayrhofen.com\/de\/?s={search_term_string}"},"query-input":{"@type":"PropertyValueSpecification","valueRequired":true,"valueName":"search_term_string"}}],"inLanguage":"de"},{"@type":"Organization","@id":"https:\/\/www.full-metal-mayrhofen.com\/de\/#organization","name":"Full Metal Mayrhofen","url":"https:\/\/www.full-metal-mayrhofen.com\/de\/","logo":{"@type":"ImageObject","inLanguage":"de","@id":"https:\/\/www.full-metal-mayrhofen.com\/de\/#\/schema\/logo\/image\/","url":"https:\/\/www.full-metal-mayrhofen.com\/wp-content\/uploads\/2024\/11\/FMM_2025_Logo_RZ_300.png","contentUrl":"https:\/\/www.full-metal-mayrhofen.com\/wp-content\/uploads\/2024\/11\/FMM_2025_Logo_RZ_300.png","width":300,"height":222,"caption":"Full Metal Mayrhofen"},"image":{"@id":"https:\/\/www.full-metal-mayrhofen.com\/de\/#\/schema\/logo\/image\/"},"sameAs":["https:\/\/www.facebook.com\/FullMetalMayrhofen.Official\/","https:\/\/www.instagram.com\/fullmetalmayrhofen.official\/"]}]}},"_links":{"self":[{"href":"https:\/\/www.full-metal-mayrhofen.com\/de\/wp-json\/wp\/v2\/pages\/1019","targetHints":{"allow":["GET"]}}],"collection":[{"href":"https:\/\/www.full-metal-mayrhofen.com\/de\/wp-json\/wp\/v2\/pages"}],"about":[{"href":"https:\/\/www.full-metal-mayrhofen.com\/de\/wp-json\/wp\/v2\/types\/page"}],"author":[{"embeddable":true,"href":"https:\/\/www.full-metal-mayrhofen.com\/de\/wp-json\/wp\/v2\/users\/3"}],"replies":[{"embeddable":true,"href":"https:\/\/www.full-metal-mayrhofen.com\/de\/wp-json\/wp\/v2\/comments?post=1019"}],"version-history":[{"count":10,"href":"https:\/\/www.full-metal-mayrhofen.com\/de\/wp-json\/wp\/v2\/pages\/1019\/revisions"}],"predecessor-version":[{"id":1271,"href":"https:\/\/www.full-metal-mayrhofen.com\/de\/wp-json\/wp\/v2\/pages\/1019\/revisions\/1271"}],"wp:attachment":[{"href":"https:\/\/www.full-metal-mayrhofen.com\/de\/wp-json\/wp\/v2\/media?parent=1019"}],"curies":[{"name":"wp","href":"https:\/\/api.w.org\/{rel}","templated":true}]}}