{"id":185,"date":"2024-11-08T16:28:12","date_gmt":"2024-11-08T15:28:12","guid":{"rendered":"https:\/\/www.full-metal-mayrhofen.com\/?page_id=185"},"modified":"2025-01-24T16:28:57","modified_gmt":"2025-01-24T15:28:57","slug":"bands","status":"publish","type":"page","link":"https:\/\/www.full-metal-mayrhofen.com\/de\/bands\/","title":{"rendered":"Bands"},"content":{"rendered":"<h1>Bands<\/h1>\n<hr>\n<h2>Fette Riffs, tiefe Growls, donnernde Blastbeats<\/h2>\n<h2>und epische Hymnen, die zwischen den majest\u00e4tischen Gipfeln der Berge widerhallen \u2013<\/h2>\n<div>\n<p>Full Metal Mayrhofen bringt f\u00fcr euch gro\u00dfartige Konzerte auf die B\u00fchne. Das fette Line-Up mit legend\u00e4ren Bands und spannenden neuen Acts l\u00e4sst garantiert keinen Metalhead kalt. Bereite dich vor auf endloses Headbangen, Soundlawinen und Circlepits im Schnee!<\/p>\n<\/div>\n<div>\n<\/div>\n<p><!--more--><br \/>\n<!-- {\"type\":\"layout\",\"children\":[{\"type\":\"section\",\"props\":{\"height\":\"pixels\",\"height_viewport\":300,\"image_position\":\"center-center\",\"overlap\":false,\"padding\":\"large\",\"style\":\"default\",\"title_breakpoint\":\"xl\",\"title_position\":\"top-left\",\"title_rotation\":\"left\",\"vertical_align\":\"middle\",\"width\":\"large\"},\"children\":[{\"type\":\"row\",\"children\":[{\"type\":\"column\",\"props\":{\"image_position\":\"center-center\",\"position_sticky_breakpoint\":\"m\"},\"children\":[{\"type\":\"headline\",\"props\":{\"content\":\"Bands\",\"text_align\":\"center\",\"title_element\":\"h1\",\"title_style\":\"h5\"}},{\"type\":\"divider\",\"props\":{\"block_align\":\"center\",\"divider_element\":\"hr\",\"divider_style\":\"icon\",\"maxwidth\":\"medium\"}},{\"type\":\"headline\",\"props\":{\"block_align\":\"center\",\"content\":\"Fette Riffs, tiefe Growls, donnernde Blastbeats\",\"margin_remove_bottom\":true,\"maxwidth\":\"xlarge\",\"text_align\":\"center\",\"title_element\":\"h2\",\"title_style\":\"h1\"}},{\"type\":\"headline\",\"props\":{\"block_align\":\"center\",\"content\":\"und epische Hymnen, die zwischen den majest\\u00e4tischen Gipfeln der Berge widerhallen \\u2013\",\"margin\":\"small\",\"margin_remove_top\":false,\"text_align\":\"center\",\"title_color\":\"primary\",\"title_element\":\"h2\",\"title_style\":\"h3\"}},{\"type\":\"text\",\"props\":{\"column_breakpoint\":\"m\",\"content\":\"\n\n<p>Full Metal Mayrhofen bringt f\\u00fcr euch gro\\u00dfartige Konzerte auf die B\\u00fchne. Das fette Line-Up mit legend\\u00e4ren Bands und spannenden neuen Acts l\\u00e4sst garantiert keinen Metalhead kalt. Bereite dich vor auf endloses Headbangen, Soundlawinen und Circlepits im Schnee!<\\\/p>\",\"margin\":\"medium\",\"text_align\":\"center\"}}]}],\"props\":{\"width\":\"small\"}}]},{\"type\":\"section\",\"props\":{\"image_position\":\"center-center\",\"padding_remove_bottom\":false,\"padding_remove_top\":true,\"style\":\"default\",\"title_breakpoint\":\"xl\",\"title_position\":\"top-left\",\"title_rotation\":\"left\",\"vertical_align\":\"middle\",\"width\":\"large\"},\"children\":[{\"type\":\"row\",\"children\":[{\"type\":\"column\",\"props\":{\"image_position\":\"center-center\",\"position_sticky_breakpoint\":\"m\"},\"children\":[{\"type\":\"widgetkit\",\"props\":{\"link_style\":\"default\",\"margin\":\"default\",\"title_decoration\":\"bullet\",\"title_element\":\"h3\",\"title_style\":\"h3\",\"visibility\":\"l\",\"widget\":\"1\"}}]}]}]},{\"type\":\"section\",\"props\":{\"image_position\":\"center-center\",\"style\":\"default\",\"title_breakpoint\":\"xl\",\"title_position\":\"top-left\",\"title_rotation\":\"left\",\"vertical_align\":\"middle\",\"width\":\"default\"},\"children\":[{\"type\":\"row\",\"children\":[{\"type\":\"column\",\"props\":{\"image_position\":\"center-center\",\"position_sticky_breakpoint\":\"m\"},\"children\":[{\"type\":\"accordion\",\"props\":{\"collapsible\":true,\"content_column_breakpoint\":\"m\",\"image_align\":\"top\",\"image_grid_breakpoint\":\"m\",\"image_grid_width\":\"1-2\",\"image_svg_color\":\"emphasis\",\"image_width\":\"300\",\"link_style\":\"default\",\"link_text\":\"Read more\",\"show_image\":true,\"show_link\":false,\"text_align\":\"center\",\"visibility\":\"hidden-l\"},\"children\":[{\"type\":\"accordion_item\",\"source\":{\"query\":{\"name\":\"posts.customPosts\",\"arguments\":{\"terms\":[3],\"category_operator\":\"IN\",\"post_tag_operator\":\"IN\",\"users\":[],\"users_operator\":\"IN\",\"offset\":0,\"limit\":40,\"order\":\"date\",\"order_direction\":\"ASC\"}},\"props\":{\"title\":{\"filters\":{\"search\":\"\"},\"name\":\"title\"},\"content\":{\"filters\":{\"search\":\"\"},\"arguments\":{\"show_intro_text\":true},\"name\":\"content\"},\"image\":{\"filters\":{\"search\":\"\"},\"name\":\"featuredImage.url\"}}}}]}]}]}]}],\"version\":\"4.4.20\"} --><\/p>\n","protected":false},"excerpt":{"rendered":"<p>Bands Fette Riffs, tiefe Growls, donnernde Blastbeats und epische Hymnen, die zwischen den majest\u00e4tischen Gipfeln der Berge widerhallen \u2013 Full Metal Mayrhofen bringt f\u00fcr euch gro\u00dfartige Konzerte auf die B\u00fchne. Das fette Line-Up mit legend\u00e4ren Bands und spannenden neuen Acts l\u00e4sst garantiert keinen Metalhead kalt. Bereite dich vor auf endloses Headbangen, Soundlawinen und Circlepits im [&hellip;]<\/p>\n","protected":false},"author":3,"featured_media":0,"parent":0,"menu_order":0,"comment_status":"closed","ping_status":"closed","template":"","meta":{"footnotes":""},"class_list":["post-185","page","type-page","status-publish","hentry"],"yoast_head":"<!-- This site is optimized with the Yoast SEO plugin v26.6 - https:\/\/yoast.com\/wordpress\/plugins\/seo\/ -->\n<title>Bands | Full Metal Mayrhofen<\/title>\n<meta name=\"description\" content=\"Full Metal Mayrhofen bringt f\u00fcr euch legend\u00e4re Bands und spannende neue Acts auf die B\u00fchne. Hier geht&#039;s zum Line-Up.\" \/>\n<meta name=\"robots\" content=\"index, follow, max-snippet:-1, max-image-preview:large, max-video-preview:-1\" \/>\n<link rel=\"canonical\" href=\"https:\/\/www.full-metal-mayrhofen.com\/de\/bands\/\" \/>\n<meta property=\"og:locale\" content=\"de_DE\" \/>\n<meta property=\"og:type\" content=\"article\" \/>\n<meta property=\"og:title\" content=\"Bands | Full Metal Mayrhofen\" \/>\n<meta property=\"og:description\" content=\"Full Metal Mayrhofen bringt f\u00fcr euch legend\u00e4re Bands und spannende neue Acts auf die B\u00fchne. Hier geht&#039;s zum Line-Up.\" \/>\n<meta property=\"og:url\" content=\"https:\/\/www.full-metal-mayrhofen.com\/de\/bands\/\" \/>\n<meta property=\"og:site_name\" content=\"Full Metal Mayrhofen\" \/>\n<meta property=\"article:publisher\" content=\"https:\/\/www.facebook.com\/FullMetalMayrhofen.Official\/\" \/>\n<meta property=\"article:modified_time\" content=\"2025-01-24T15:28:57+00:00\" \/>\n<meta property=\"og:image\" content=\"https:\/\/www.full-metal-mayrhofen.com\/wp-content\/uploads\/2025\/01\/fmm_2025_bandposter_1024x576_241114.jpg\" \/>\n\t<meta property=\"og:image:width\" content=\"1024\" \/>\n\t<meta property=\"og:image:height\" content=\"576\" \/>\n\t<meta property=\"og:image:type\" content=\"image\/jpeg\" \/>\n<meta name=\"twitter:card\" content=\"summary_large_image\" \/>\n<meta name=\"twitter:label1\" content=\"Gesch\u00e4tzte Lesezeit\" \/>\n\t<meta name=\"twitter:data1\" content=\"1\u00a0Minute\" \/>\n<script type=\"application\/ld+json\" class=\"yoast-schema-graph\">{\"@context\":\"https:\/\/schema.org\",\"@graph\":[{\"@type\":\"WebPage\",\"@id\":\"https:\/\/www.full-metal-mayrhofen.com\/bands\/\",\"url\":\"https:\/\/www.full-metal-mayrhofen.com\/bands\/\",\"name\":\"Bands | Full Metal Mayrhofen\",\"isPartOf\":{\"@id\":\"https:\/\/www.full-metal-mayrhofen.com\/de\/#website\"},\"datePublished\":\"2024-11-08T15:28:12+00:00\",\"dateModified\":\"2025-01-24T15:28:57+00:00\",\"description\":\"Full Metal Mayrhofen bringt f\u00fcr euch legend\u00e4re Bands und spannende neue Acts auf die B\u00fchne. Hier geht's zum Line-Up.\",\"breadcrumb\":{\"@id\":\"https:\/\/www.full-metal-mayrhofen.com\/bands\/#breadcrumb\"},\"inLanguage\":\"de\",\"potentialAction\":[{\"@type\":\"ReadAction\",\"target\":[\"https:\/\/www.full-metal-mayrhofen.com\/bands\/\"]}]},{\"@type\":\"BreadcrumbList\",\"@id\":\"https:\/\/www.full-metal-mayrhofen.com\/bands\/#breadcrumb\",\"itemListElement\":[{\"@type\":\"ListItem\",\"position\":1,\"name\":\"Startseite\",\"item\":\"https:\/\/www.full-metal-mayrhofen.com\/\"},{\"@type\":\"ListItem\",\"position\":2,\"name\":\"Bands\"}]},{\"@type\":\"WebSite\",\"@id\":\"https:\/\/www.full-metal-mayrhofen.com\/de\/#website\",\"url\":\"https:\/\/www.full-metal-mayrhofen.com\/de\/\",\"name\":\"Full Metal Mayrhofen\",\"description\":\"\",\"publisher\":{\"@id\":\"https:\/\/www.full-metal-mayrhofen.com\/de\/#organization\"},\"potentialAction\":[{\"@type\":\"SearchAction\",\"target\":{\"@type\":\"EntryPoint\",\"urlTemplate\":\"https:\/\/www.full-metal-mayrhofen.com\/de\/?s={search_term_string}\"},\"query-input\":{\"@type\":\"PropertyValueSpecification\",\"valueRequired\":true,\"valueName\":\"search_term_string\"}}],\"inLanguage\":\"de\"},{\"@type\":\"Organization\",\"@id\":\"https:\/\/www.full-metal-mayrhofen.com\/de\/#organization\",\"name\":\"Full Metal Mayrhofen\",\"url\":\"https:\/\/www.full-metal-mayrhofen.com\/de\/\",\"logo\":{\"@type\":\"ImageObject\",\"inLanguage\":\"de\",\"@id\":\"https:\/\/www.full-metal-mayrhofen.com\/de\/#\/schema\/logo\/image\/\",\"url\":\"https:\/\/www.full-metal-mayrhofen.com\/wp-content\/uploads\/2024\/11\/FMM_2025_Logo_RZ_300.png\",\"contentUrl\":\"https:\/\/www.full-metal-mayrhofen.com\/wp-content\/uploads\/2024\/11\/FMM_2025_Logo_RZ_300.png\",\"width\":300,\"height\":222,\"caption\":\"Full Metal Mayrhofen\"},\"image\":{\"@id\":\"https:\/\/www.full-metal-mayrhofen.com\/de\/#\/schema\/logo\/image\/\"},\"sameAs\":[\"https:\/\/www.facebook.com\/FullMetalMayrhofen.Official\/\",\"https:\/\/www.instagram.com\/fullmetalmayrhofen.official\/\"]}]}<\/script>\n<!-- \/ Yoast SEO plugin. -->","yoast_head_json":{"title":"Bands | Full Metal Mayrhofen","description":"Full Metal Mayrhofen bringt f\u00fcr euch legend\u00e4re Bands und spannende neue Acts auf die B\u00fchne. Hier geht's zum Line-Up.","robots":{"index":"index","follow":"follow","max-snippet":"max-snippet:-1","max-image-preview":"max-image-preview:large","max-video-preview":"max-video-preview:-1"},"canonical":"https:\/\/www.full-metal-mayrhofen.com\/de\/bands\/","og_locale":"de_DE","og_type":"article","og_title":"Bands | Full Metal Mayrhofen","og_description":"Full Metal Mayrhofen bringt f\u00fcr euch legend\u00e4re Bands und spannende neue Acts auf die B\u00fchne. Hier geht's zum Line-Up.","og_url":"https:\/\/www.full-metal-mayrhofen.com\/de\/bands\/","og_site_name":"Full Metal Mayrhofen","article_publisher":"https:\/\/www.facebook.com\/FullMetalMayrhofen.Official\/","article_modified_time":"2025-01-24T15:28:57+00:00","og_image":[{"width":1024,"height":576,"url":"https:\/\/www.full-metal-mayrhofen.com\/wp-content\/uploads\/2025\/01\/fmm_2025_bandposter_1024x576_241114.jpg","type":"image\/jpeg"}],"twitter_card":"summary_large_image","twitter_misc":{"Gesch\u00e4tzte Lesezeit":"1\u00a0Minute"},"schema":{"@context":"https:\/\/schema.org","@graph":[{"@type":"WebPage","@id":"https:\/\/www.full-metal-mayrhofen.com\/bands\/","url":"https:\/\/www.full-metal-mayrhofen.com\/bands\/","name":"Bands | Full Metal Mayrhofen","isPartOf":{"@id":"https:\/\/www.full-metal-mayrhofen.com\/de\/#website"},"datePublished":"2024-11-08T15:28:12+00:00","dateModified":"2025-01-24T15:28:57+00:00","description":"Full Metal Mayrhofen bringt f\u00fcr euch legend\u00e4re Bands und spannende neue Acts auf die B\u00fchne. Hier geht's zum Line-Up.","breadcrumb":{"@id":"https:\/\/www.full-metal-mayrhofen.com\/bands\/#breadcrumb"},"inLanguage":"de","potentialAction":[{"@type":"ReadAction","target":["https:\/\/www.full-metal-mayrhofen.com\/bands\/"]}]},{"@type":"BreadcrumbList","@id":"https:\/\/www.full-metal-mayrhofen.com\/bands\/#breadcrumb","itemListElement":[{"@type":"ListItem","position":1,"name":"Startseite","item":"https:\/\/www.full-metal-mayrhofen.com\/"},{"@type":"ListItem","position":2,"name":"Bands"}]},{"@type":"WebSite","@id":"https:\/\/www.full-metal-mayrhofen.com\/de\/#website","url":"https:\/\/www.full-metal-mayrhofen.com\/de\/","name":"Full Metal Mayrhofen","description":"","publisher":{"@id":"https:\/\/www.full-metal-mayrhofen.com\/de\/#organization"},"potentialAction":[{"@type":"SearchAction","target":{"@type":"EntryPoint","urlTemplate":"https:\/\/www.full-metal-mayrhofen.com\/de\/?s={search_term_string}"},"query-input":{"@type":"PropertyValueSpecification","valueRequired":true,"valueName":"search_term_string"}}],"inLanguage":"de"},{"@type":"Organization","@id":"https:\/\/www.full-metal-mayrhofen.com\/de\/#organization","name":"Full Metal Mayrhofen","url":"https:\/\/www.full-metal-mayrhofen.com\/de\/","logo":{"@type":"ImageObject","inLanguage":"de","@id":"https:\/\/www.full-metal-mayrhofen.com\/de\/#\/schema\/logo\/image\/","url":"https:\/\/www.full-metal-mayrhofen.com\/wp-content\/uploads\/2024\/11\/FMM_2025_Logo_RZ_300.png","contentUrl":"https:\/\/www.full-metal-mayrhofen.com\/wp-content\/uploads\/2024\/11\/FMM_2025_Logo_RZ_300.png","width":300,"height":222,"caption":"Full Metal Mayrhofen"},"image":{"@id":"https:\/\/www.full-metal-mayrhofen.com\/de\/#\/schema\/logo\/image\/"},"sameAs":["https:\/\/www.facebook.com\/FullMetalMayrhofen.Official\/","https:\/\/www.instagram.com\/fullmetalmayrhofen.official\/"]}]}},"_links":{"self":[{"href":"https:\/\/www.full-metal-mayrhofen.com\/de\/wp-json\/wp\/v2\/pages\/185","targetHints":{"allow":["GET"]}}],"collection":[{"href":"https:\/\/www.full-metal-mayrhofen.com\/de\/wp-json\/wp\/v2\/pages"}],"about":[{"href":"https:\/\/www.full-metal-mayrhofen.com\/de\/wp-json\/wp\/v2\/types\/page"}],"author":[{"embeddable":true,"href":"https:\/\/www.full-metal-mayrhofen.com\/de\/wp-json\/wp\/v2\/users\/3"}],"replies":[{"embeddable":true,"href":"https:\/\/www.full-metal-mayrhofen.com\/de\/wp-json\/wp\/v2\/comments?post=185"}],"version-history":[{"count":10,"href":"https:\/\/www.full-metal-mayrhofen.com\/de\/wp-json\/wp\/v2\/pages\/185\/revisions"}],"predecessor-version":[{"id":706,"href":"https:\/\/www.full-metal-mayrhofen.com\/de\/wp-json\/wp\/v2\/pages\/185\/revisions\/706"}],"wp:attachment":[{"href":"https:\/\/www.full-metal-mayrhofen.com\/de\/wp-json\/wp\/v2\/media?parent=185"}],"curies":[{"name":"wp","href":"https:\/\/api.w.org\/{rel}","templated":true}]}}