{"id":707,"date":"2025-01-29T15:51:25","date_gmt":"2025-01-29T14:51:25","guid":{"rendered":"https:\/\/www.full-metal-mayrhofen.com\/?page_id=707"},"modified":"2026-03-12T16:43:31","modified_gmt":"2026-03-12T15:43:31","slug":"lageplan","status":"publish","type":"page","link":"https:\/\/www.full-metal-mayrhofen.com\/de\/lageplan\/","title":{"rendered":"Lageplan"},"content":{"rendered":"<h1>Lageplan<\/h1>\n<hr>\n<h2>Forest Stage, Kasermandl oder Penkenbahn<\/h2>\n<h2>Alle wichtigen Orte auf einem Blick<\/h2>\n<div>\n<p>Hier erf\u00e4hrst du alles \u00fcber die wichtigsten Locations beim Full Metal Mayrhofen<\/p>\n<\/div>\n<p><img decoding=\"async\" src=\"\/wp-content\/uploads\/2025\/03\/fmm_mayrhofen_gesamtkarte_007_250321-scaled.jpg\" alt=\"Full Metal Mayrhofen Lageplan\"><\/p>\n<h1>Die Locations im Detail<\/h1>\n<ul>\n<li>\n<h3>Ahornbahn<\/h3>\n<div>\n<p>Die Ahornbahn ist eine von zwei Bergbahnen in Mayrhofen, die euch direkt auf den Berg und damit zu den Skipisten bringt.<\/p>\n<\/div>\n<\/li>\n<li>\n<h3>Bahnhof<\/h3>\n<div>\n<p>Wer mit der Bahn anreisen m\u00f6chte, findet hier eine direkte Verbindung von M\u00fcnchen ins Zillertal nach Mayrhofen.<\/p>\n<\/div>\n<\/li>\n<li>\n<h3>Europahaus \u201cHall Of The Mountain King\u201d<\/h3>\n<div>\n<p>Hier finden von Montag bis Mittwoch Konzerte auf der &#8222;Hall Of The Mountain King&#8220; B\u00fchne statt. Au\u00dferdem findet ihr hier die zentrale Anlaufstelle f\u00fcr Check-In, Merch und Meet &amp; Greets.<\/p>\n<\/div>\n<\/li>\n<li>\n<h3>Waldfestplatz &#8222;Forest Stage&#8220;<\/h3>\n<div>\n<p>Urige H\u00fctten, hochmoderne Gastronomie und im Herzen die gro\u00dfe Forest Stage. Der Waldfestplatz ist nur 5 Gehminuten vom Dorfzentrum Mayrhofen entfernt mitten im Wald gelegen. Mit der stimmungsvollen Beleuchtung erlebt man hier eine einzigartige Party-Atmosph\u00e4re. Und genug Bier ist hier auch immer vorhanden!<\/p>\n<p><iframe loading=\"lazy\" width=\"560\" height=\"315\" src=\"https:\/\/www.youtube.com\/embed\/7D6z8GS1O9k?si=U3Uhd52Z20hzTGvO&amp;controls=0\" title=\"YouTube video player\" frameborder=\"0\" allow=\"accelerometer; autoplay; clipboard-write; encrypted-media; gyroscope; picture-in-picture; web-share\" referrerpolicy=\"strict-origin-when-cross-origin\" allowfullscreen=\"allowfullscreen\"><\/iframe><\/p>\n<\/div>\n<\/li>\n<li>\n<h3>Kasermandl<\/h3>\n<div>\n<p>Die einzigartige Apr\u00e9s Ski-Alm im 2.000 Metern H\u00f6he wird von den beiden Musikbegeisterten Stefan und Max gef\u00fchrt. Sie haben eine beeindruckende Sammlung von Schallplatten und Musik-Memorabilia, die das besondere Ambiente des Kasermandel ausmachen. Hier gibt es neben Livemusik und Partystimmung sehr viel zu entdecken. <\/p>\n<p><iframe loading=\"lazy\" width=\"560\" height=\"315\" src=\"https:\/\/www.youtube.com\/embed\/BuC4cFecMZY?si=ZrbDM5tSoKxsCPr7&amp;controls=0\" title=\"YouTube video player\" frameborder=\"0\" allow=\"accelerometer; autoplay; clipboard-write; encrypted-media; gyroscope; picture-in-picture; web-share\" referrerpolicy=\"strict-origin-when-cross-origin\" allowfullscreen><\/iframe><\/p>\n<p><iframe loading=\"lazy\" width=\"560\" height=\"315\" src=\"https:\/\/www.youtube.com\/embed\/G_5pcM8e138?si=ID5QjcZdjMEa490H&amp;controls=0\" title=\"YouTube video player\" frameborder=\"0\" allow=\"accelerometer; autoplay; clipboard-write; encrypted-media; gyroscope; picture-in-picture; web-share\" referrerpolicy=\"strict-origin-when-cross-origin\" allowfullscreen><\/iframe><\/div>\n<\/li>\n<li>\n<h3>Mayrhofen<\/h3>\n<div>\n<p>Das Dorf Mayrhofen \u2013 gelegen am Fu\u00dfe der Berge Ahorn und Penken. Skifahren, Wanderungen, Trail Running, Radtouren &#8211; in der \u00dcbergangszeit zwischen Winter und Fr\u00fchjahr ist hier alles m\u00f6glich. Wer es gern entspannter mag, kann zahlreiche Wellnessangebote nutzen. Und wer es laut liebt, rockt beim Full Metal Mayrhofen die Metalparty des Winters!<\/p>\n<p><iframe loading=\"lazy\" width=\"560\" height=\"315\" src=\"https:\/\/www.youtube.com\/embed\/hL-PHzB6D5w?si=cIJzYS-PwcekHMWm&amp;controls=0\" title=\"YouTube video player\" frameborder=\"0\" allow=\"accelerometer; autoplay; clipboard-write; encrypted-media; gyroscope; picture-in-picture; web-share\" referrerpolicy=\"strict-origin-when-cross-origin\" allowfullscreen><\/iframe><\/div>\n<\/li>\n<li>\n<h3>Parkplatz Ahornbahn<\/h3>\n<div>\n<p>Der Parkplatz Ahornbahn ist zentral und steht Euch jeden Tag zur Verf\u00fcgung. Am Freitag und Samstag sogar umsonst!<br \/>Bei Anfahrt vor 17.00 Uhr kannst du an der Kasse der Bergbahn gegen Vorlage deines FMM-Tickets das Parkplatzticket kostenlos entwerten lassen. Bei Anreise nach 17.00 Uhr kannst du das Parkplatzticket an den Schaltern rund um den Waldfestplatz unter Vorweis des FMM-Tickets gegen ein kostenloses Einmalausfahrtsticket eintauschen.<\/p>\n<\/div>\n<\/li>\n<li>\n<h3>Penkenbahn<\/h3>\n<div>\n<p>Die Penkenbahn, eine von zwei Bergbahnen in Mayrhofen, bringt euch direkt auf den Berg und damit zu den Skipisten. Gut erreichbar zu Fu\u00df oder auch mit dem Bus.<\/p>\n<\/div>\n<\/li>\n<li>\n<h3>Stieralm<\/h3>\n<div>\n<p>Wunderbar passend zum Wacken Bullhead gibt es die urige Stieralm am Penkenberg. Die abwechslungsreiche Speisekarte der Stieralm bietet euch zahlreiche K\u00f6stlichkeiten von Burgern und Steaks \u00fcber traditionelle Gerichte wie Gr\u00f6stl, Spinatkn\u00f6del und K\u00e4sspatzen bis zu erstklassigen Beefgerichten aus der eigenen Rinderzucht. Mit der Penkenbahn ist die Stieralm direkt vom Dorf erreichbar.<\/p>\n<p><iframe loading=\"lazy\" width=\"560\" height=\"315\" src=\"https:\/\/www.youtube.com\/embed\/spX-Hr73HwQ?si=0wjAwcuuBaessWd1&amp;controls=0\" title=\"YouTube video player\" frameborder=\"0\" allow=\"accelerometer; autoplay; clipboard-write; encrypted-media; gyroscope; picture-in-picture; web-share\" referrerpolicy=\"strict-origin-when-cross-origin\" allowfullscreen><\/iframe><\/div>\n<\/li>\n<\/ul>\n<p><!--more--><br \/>\n<!-- {\"type\":\"layout\",\"children\":[{\"type\":\"section\",\"props\":{\"height\":\"pixels\",\"height_viewport\":300,\"image_position\":\"center-center\",\"overlap\":false,\"padding\":\"large\",\"padding_remove_bottom\":true,\"style\":\"default\",\"title_breakpoint\":\"xl\",\"title_position\":\"top-left\",\"title_rotation\":\"left\",\"vertical_align\":\"middle\",\"width\":\"large\"},\"children\":[{\"type\":\"row\",\"children\":[{\"type\":\"column\",\"props\":{\"image_position\":\"center-center\",\"position_sticky_breakpoint\":\"m\"},\"children\":[{\"type\":\"headline\",\"props\":{\"content\":\"Lageplan\",\"text_align\":\"center\",\"title_element\":\"h1\",\"title_style\":\"h5\"}},{\"type\":\"divider\",\"props\":{\"block_align\":\"center\",\"divider_element\":\"hr\",\"divider_style\":\"icon\",\"maxwidth\":\"medium\"}},{\"type\":\"headline\",\"props\":{\"block_align\":\"center\",\"content\":\"Forest Stage, Kasermandl oder Penkenbahn\",\"margin_remove_bottom\":true,\"maxwidth\":\"2xlarge\",\"text_align\":\"center\",\"title_element\":\"h2\",\"title_style\":\"h1\"}},{\"type\":\"headline\",\"props\":{\"block_align\":\"center\",\"content\":\"Alle wichtigen Orte auf einem Blick\",\"margin\":\"small\",\"margin_remove_top\":false,\"text_align\":\"center\",\"title_color\":\"primary\",\"title_element\":\"h2\",\"title_style\":\"h3\"}},{\"type\":\"text\",\"props\":{\"column_breakpoint\":\"m\",\"content\":\"\n\n<p>Hier erf\\u00e4hrst du alles \\u00fcber die wichtigsten Locations beim Full Metal Mayrhofen<\\\/p>\",\"margin\":\"default\",\"text_align\":\"center\"}}]}],\"props\":{\"width\":\"small\"}}],\"name\":\"fmm headline section\"},{\"type\":\"section\",\"props\":{\"image_position\":\"center-center\",\"style\":\"default\",\"title_breakpoint\":\"xl\",\"title_position\":\"top-left\",\"title_rotation\":\"left\",\"vertical_align\":\"middle\",\"width\":\"default\"},\"children\":[{\"type\":\"row\",\"props\":{\"layout\":\"1-2,1-2\"},\"children\":[{\"type\":\"column\",\"props\":{\"image_position\":\"center-center\",\"position_sticky_breakpoint\":\"m\",\"width_medium\":\"1-2\"},\"children\":[{\"type\":\"image\",\"props\":{\"image\":\"wp-content\\\/uploads\\\/2025\\\/03\\\/fmm_mayrhofen_gesamtkarte_007_250321-scaled.jpg\",\"image_alt\":\"Full Metal Mayrhofen Lageplan\",\"image_svg_color\":\"emphasis\",\"margin\":\"default\"}}]},{\"type\":\"column\",\"props\":{\"image_position\":\"center-center\",\"position_sticky_breakpoint\":\"m\",\"width_medium\":\"1-2\"},\"children\":[{\"type\":\"headline\",\"props\":{\"content\":\"Die Locations im Detail\",\"title_element\":\"h1\"}},{\"type\":\"accordion\",\"props\":{\"collapsible\":true,\"content_column_breakpoint\":\"m\",\"image_align\":\"top\",\"image_grid_breakpoint\":\"m\",\"image_grid_width\":\"1-2\",\"image_svg_color\":\"emphasis\",\"link_style\":\"default\",\"link_text\":\"Read more\",\"show_image\":true,\"show_link\":true},\"children\":[{\"type\":\"accordion_item\",\"props\":{\"content\":\"\n\n<p>Die Ahornbahn ist eine von zwei Bergbahnen in Mayrhofen, die euch direkt auf den Berg und damit zu den Skipisten bringt.<\\\/p>\",\"title\":\"Ahornbahn\"}},{\"type\":\"accordion_item\",\"props\":{\"content\":\"\n\n<p>Wer mit der Bahn anreisen m\\u00f6chte, findet hier eine direkte Verbindung von M\\u00fcnchen ins Zillertal nach Mayrhofen.<\\\/p>\",\"title\":\"Bahnhof\"}},{\"type\":\"accordion_item\",\"props\":{\"content\":\"\n\n<p>DER Ort f\\u00fcr Apr\\u00e9s Ski f\\u00fcr alle Metalheads nach einem langen Tag am Berg. Mit VIP Area, Open Air Bar und einer Stage f\\u00fcr Metal Madness vom Feinsten. Das Br\\u00fcck\\u2019n Stadl ist zu Fu\\u00df gut erreichbar in der N\\u00e4he der Talstation der Ahornbahn gelegen.<\\\/p>\\n\n\n<p><iframe width=\\\"560\\\" height=\\\"315\\\" src=\\\"https:\\\/\\\/www.youtube.com\\\/embed\\\/c-m_bRVCN2E?si=sWdXmHfctACg3548&amp;controls=0\\\" title=\\\"YouTube video player\\\" frameborder=\\\"0\\\" allow=\\\"accelerometer; autoplay; clipboard-write; encrypted-media; gyroscope; picture-in-picture; web-share\\\" referrerpolicy=\\\"strict-origin-when-cross-origin\\\" allowfullscreen=\\\"allowfullscreen\\\"><\\\/iframe><\\\/p>\",\"status\":\"disabled\",\"title\":\"Br\\u00fcck'n Stadl\"}},{\"type\":\"accordion_item\",\"props\":{\"content\":\"\n\n<p>Hier finden von Montag bis Mittwoch Konzerte auf der \\\"Hall Of The Mountain King\\\" B\\u00fchne statt. Au\\u00dferdem findet ihr hier die zentrale Anlaufstelle f\\u00fcr Check-In, Merch und Meet &amp; Greets.<\\\/p>\",\"title\":\"Europahaus \\u201cHall Of The Mountain King\\u201d\"}},{\"type\":\"accordion_item\",\"props\":{\"content\":\"\n\n<p>Urige H\\u00fctten, hochmoderne Gastronomie und im Herzen die gro\\u00dfe Forest Stage. Der Waldfestplatz ist nur 5 Gehminuten vom Dorfzentrum Mayrhofen entfernt mitten im Wald gelegen. Mit der stimmungsvollen Beleuchtung erlebt man hier eine einzigartige Party-Atmosph\\u00e4re. Und genug Bier ist hier auch immer vorhanden!<\\\/p>\\n\n\n<p><iframe width=\\\"560\\\" height=\\\"315\\\" src=\\\"https:\\\/\\\/www.youtube.com\\\/embed\\\/7D6z8GS1O9k?si=U3Uhd52Z20hzTGvO&amp;controls=0\\\" title=\\\"YouTube video player\\\" frameborder=\\\"0\\\" allow=\\\"accelerometer; autoplay; clipboard-write; encrypted-media; gyroscope; picture-in-picture; web-share\\\" referrerpolicy=\\\"strict-origin-when-cross-origin\\\" allowfullscreen=\\\"allowfullscreen\\\"><\\\/iframe><\\\/p>\",\"title\":\"Waldfestplatz \\\"Forest Stage\\\"\"}},{\"type\":\"accordion_item\",\"props\":{\"content\":\"\n\n<p>Die einzigartige Apr\\u00e9s Ski-Alm im 2.000 Metern H\\u00f6he wird von den beiden Musikbegeisterten Stefan und Max gef\\u00fchrt. Sie haben eine beeindruckende Sammlung von Schallplatten und Musik-Memorabilia, die das besondere Ambiente des Kasermandel ausmachen. Hier gibt es neben Livemusik und Partystimmung sehr viel zu entdecken. <\\\/p><iframe width=\\\"560\\\" height=\\\"315\\\" src=\\\"https:\\\/\\\/www.youtube.com\\\/embed\\\/BuC4cFecMZY?si=ZrbDM5tSoKxsCPr7&amp;controls=0\\\" title=\\\"YouTube video player\\\" frameborder=\\\"0\\\" allow=\\\"accelerometer; autoplay; clipboard-write; encrypted-media; gyroscope; picture-in-picture; web-share\\\" referrerpolicy=\\\"strict-origin-when-cross-origin\\\" allowfullscreen><\\\/iframe>\\n\n\n<p><\\\/p>\\n<iframe width=\\\"560\\\" height=\\\"315\\\" src=\\\"https:\\\/\\\/www.youtube.com\\\/embed\\\/G_5pcM8e138?si=ID5QjcZdjMEa490H&amp;controls=0\\\" title=\\\"YouTube video player\\\" frameborder=\\\"0\\\" allow=\\\"accelerometer; autoplay; clipboard-write; encrypted-media; gyroscope; picture-in-picture; web-share\\\" referrerpolicy=\\\"strict-origin-when-cross-origin\\\" allowfullscreen><\\\/iframe>\",\"title\":\"Kasermandl\"}},{\"type\":\"accordion_item\",\"props\":{\"content\":\"\n\n<p>Das Dorf Mayrhofen \\u2013 gelegen am Fu\\u00dfe der Berge Ahorn und Penken. Skifahren, Wanderungen, Trail Running, Radtouren - in der \\u00dcbergangszeit zwischen Winter und Fr\\u00fchjahr ist hier alles m\\u00f6glich. Wer es gern entspannter mag, kann zahlreiche Wellnessangebote nutzen. Und wer es laut liebt, rockt beim Full Metal Mayrhofen die Metalparty des Winters!<\\\/p>\\n<iframe width=\\\"560\\\" height=\\\"315\\\" src=\\\"https:\\\/\\\/www.youtube.com\\\/embed\\\/hL-PHzB6D5w?si=cIJzYS-PwcekHMWm&amp;controls=0\\\" title=\\\"YouTube video player\\\" frameborder=\\\"0\\\" allow=\\\"accelerometer; autoplay; clipboard-write; encrypted-media; gyroscope; picture-in-picture; web-share\\\" referrerpolicy=\\\"strict-origin-when-cross-origin\\\" allowfullscreen><\\\/iframe>\",\"title\":\"Mayrhofen\"}},{\"type\":\"accordion_item\",\"props\":{\"content\":\"\n\n<p>Der Parkplatz Ahornbahn ist zentral und steht Euch jeden Tag zur Verf\\u00fcgung. Am Freitag und Samstag sogar umsonst!<br \\\/>Bei Anfahrt vor 17.00 Uhr kannst du an der Kasse der Bergbahn gegen Vorlage deines FMM-Tickets das Parkplatzticket kostenlos entwerten lassen. Bei Anreise nach 17.00 Uhr kannst du das Parkplatzticket an den Schaltern rund um den Waldfestplatz unter Vorweis des FMM-Tickets gegen ein kostenloses Einmalausfahrtsticket eintauschen.<\\\/p>\",\"title\":\"Parkplatz Ahornbahn\"}},{\"type\":\"accordion_item\",\"props\":{\"content\":\"\n\n<p>Die Penkenbahn, eine von zwei Bergbahnen in Mayrhofen, bringt euch direkt auf den Berg und damit zu den Skipisten. Gut erreichbar zu Fu\\u00df oder auch mit dem Bus.<\\\/p>\",\"title\":\"Penkenbahn\"}},{\"type\":\"accordion_item\",\"props\":{\"content\":\"\n\n<p>Wunderbar passend zum Wacken Bullhead gibt es die urige Stieralm am Penkenberg. Die abwechslungsreiche Speisekarte der Stieralm bietet euch zahlreiche K\\u00f6stlichkeiten von Burgern und Steaks \\u00fcber traditionelle Gerichte wie Gr\\u00f6stl, Spinatkn\\u00f6del und K\\u00e4sspatzen bis zu erstklassigen Beefgerichten aus der eigenen Rinderzucht. Mit der Penkenbahn ist die Stieralm direkt vom Dorf erreichbar.<\\\/p><iframe width=\\\"560\\\" height=\\\"315\\\" src=\\\"https:\\\/\\\/www.youtube.com\\\/embed\\\/spX-Hr73HwQ?si=0wjAwcuuBaessWd1&amp;controls=0\\\" title=\\\"YouTube video player\\\" frameborder=\\\"0\\\" allow=\\\"accelerometer; autoplay; clipboard-write; encrypted-media; gyroscope; picture-in-picture; web-share\\\" referrerpolicy=\\\"strict-origin-when-cross-origin\\\" allowfullscreen><\\\/iframe>\",\"title\":\"Stieralm\"}}]}]}]}],\"name\":\"Lageplan & Infos\"}],\"version\":\"4.5.33\"} --><\/p>\n","protected":false},"excerpt":{"rendered":"<p>Lageplan Forest Stage, Kasermandl oder Penkenbahn Alle wichtigen Orte auf einem Blick Hier erf\u00e4hrst du alles \u00fcber die wichtigsten Locations beim Full Metal Mayrhofen Die Locations im Detail Ahornbahn Die Ahornbahn ist eine von zwei Bergbahnen in Mayrhofen, die euch direkt auf den Berg und damit zu den Skipisten bringt. Bahnhof Wer mit der Bahn [&hellip;]<\/p>\n","protected":false},"author":3,"featured_media":0,"parent":0,"menu_order":0,"comment_status":"closed","ping_status":"closed","template":"","meta":{"footnotes":""},"class_list":["post-707","page","type-page","status-publish","hentry"],"yoast_head":"<!-- This site is optimized with the Yoast SEO plugin v26.6 - https:\/\/yoast.com\/wordpress\/plugins\/seo\/ -->\n<title>Lageplan | Full Metal Mayrhofen<\/title>\n<meta name=\"robots\" content=\"index, follow, max-snippet:-1, max-image-preview:large, max-video-preview:-1\" \/>\n<link rel=\"canonical\" href=\"https:\/\/www.full-metal-mayrhofen.com\/de\/lageplan\/\" \/>\n<meta property=\"og:locale\" content=\"de_DE\" \/>\n<meta property=\"og:type\" content=\"article\" \/>\n<meta property=\"og:title\" content=\"Lageplan | Full Metal Mayrhofen\" \/>\n<meta property=\"og:description\" content=\"Lageplan Forest Stage, Kasermandl oder Penkenbahn Alle wichtigen Orte auf einem Blick Hier erf\u00e4hrst du alles \u00fcber die wichtigsten Locations beim Full Metal Mayrhofen Die Locations im Detail Ahornbahn Die Ahornbahn ist eine von zwei Bergbahnen in Mayrhofen, die euch direkt auf den Berg und damit zu den Skipisten bringt. Bahnhof Wer mit der Bahn [&hellip;]\" \/>\n<meta property=\"og:url\" content=\"https:\/\/www.full-metal-mayrhofen.com\/de\/lageplan\/\" \/>\n<meta property=\"og:site_name\" content=\"Full Metal Mayrhofen\" \/>\n<meta property=\"article:publisher\" content=\"https:\/\/www.facebook.com\/FullMetalMayrhofen.Official\/\" \/>\n<meta property=\"article:modified_time\" content=\"2026-03-12T15:43:31+00:00\" \/>\n<meta property=\"og:image\" content=\"https:\/\/www.full-metal-mayrhofen.com\/wp-content\/uploads\/2025\/01\/fmm_2025_bandposter_1024x576_241114.jpg\" \/>\n\t<meta property=\"og:image:width\" content=\"1024\" \/>\n\t<meta property=\"og:image:height\" content=\"576\" \/>\n\t<meta property=\"og:image:type\" content=\"image\/jpeg\" \/>\n<meta name=\"twitter:card\" content=\"summary_large_image\" \/>\n<meta name=\"twitter:label1\" content=\"Gesch\u00e4tzte Lesezeit\" \/>\n\t<meta name=\"twitter:data1\" content=\"1\u00a0Minute\" \/>\n<script type=\"application\/ld+json\" class=\"yoast-schema-graph\">{\"@context\":\"https:\/\/schema.org\",\"@graph\":[{\"@type\":\"WebPage\",\"@id\":\"https:\/\/www.full-metal-mayrhofen.com\/lageplan\/\",\"url\":\"https:\/\/www.full-metal-mayrhofen.com\/lageplan\/\",\"name\":\"Lageplan | Full Metal Mayrhofen\",\"isPartOf\":{\"@id\":\"https:\/\/www.full-metal-mayrhofen.com\/de\/#website\"},\"datePublished\":\"2025-01-29T14:51:25+00:00\",\"dateModified\":\"2026-03-12T15:43:31+00:00\",\"breadcrumb\":{\"@id\":\"https:\/\/www.full-metal-mayrhofen.com\/lageplan\/#breadcrumb\"},\"inLanguage\":\"de\",\"potentialAction\":[{\"@type\":\"ReadAction\",\"target\":[\"https:\/\/www.full-metal-mayrhofen.com\/lageplan\/\"]}]},{\"@type\":\"BreadcrumbList\",\"@id\":\"https:\/\/www.full-metal-mayrhofen.com\/lageplan\/#breadcrumb\",\"itemListElement\":[{\"@type\":\"ListItem\",\"position\":1,\"name\":\"Startseite\",\"item\":\"https:\/\/www.full-metal-mayrhofen.com\/\"},{\"@type\":\"ListItem\",\"position\":2,\"name\":\"Lageplan\"}]},{\"@type\":\"WebSite\",\"@id\":\"https:\/\/www.full-metal-mayrhofen.com\/de\/#website\",\"url\":\"https:\/\/www.full-metal-mayrhofen.com\/de\/\",\"name\":\"Full Metal Mayrhofen\",\"description\":\"\",\"publisher\":{\"@id\":\"https:\/\/www.full-metal-mayrhofen.com\/de\/#organization\"},\"potentialAction\":[{\"@type\":\"SearchAction\",\"target\":{\"@type\":\"EntryPoint\",\"urlTemplate\":\"https:\/\/www.full-metal-mayrhofen.com\/de\/?s={search_term_string}\"},\"query-input\":{\"@type\":\"PropertyValueSpecification\",\"valueRequired\":true,\"valueName\":\"search_term_string\"}}],\"inLanguage\":\"de\"},{\"@type\":\"Organization\",\"@id\":\"https:\/\/www.full-metal-mayrhofen.com\/de\/#organization\",\"name\":\"Full Metal Mayrhofen\",\"url\":\"https:\/\/www.full-metal-mayrhofen.com\/de\/\",\"logo\":{\"@type\":\"ImageObject\",\"inLanguage\":\"de\",\"@id\":\"https:\/\/www.full-metal-mayrhofen.com\/de\/#\/schema\/logo\/image\/\",\"url\":\"https:\/\/www.full-metal-mayrhofen.com\/wp-content\/uploads\/2024\/11\/FMM_2025_Logo_RZ_300.png\",\"contentUrl\":\"https:\/\/www.full-metal-mayrhofen.com\/wp-content\/uploads\/2024\/11\/FMM_2025_Logo_RZ_300.png\",\"width\":300,\"height\":222,\"caption\":\"Full Metal Mayrhofen\"},\"image\":{\"@id\":\"https:\/\/www.full-metal-mayrhofen.com\/de\/#\/schema\/logo\/image\/\"},\"sameAs\":[\"https:\/\/www.facebook.com\/FullMetalMayrhofen.Official\/\",\"https:\/\/www.instagram.com\/fullmetalmayrhofen.official\/\"]}]}<\/script>\n<!-- \/ Yoast SEO plugin. -->","yoast_head_json":{"title":"Lageplan | Full Metal Mayrhofen","robots":{"index":"index","follow":"follow","max-snippet":"max-snippet:-1","max-image-preview":"max-image-preview:large","max-video-preview":"max-video-preview:-1"},"canonical":"https:\/\/www.full-metal-mayrhofen.com\/de\/lageplan\/","og_locale":"de_DE","og_type":"article","og_title":"Lageplan | Full Metal Mayrhofen","og_description":"Lageplan Forest Stage, Kasermandl oder Penkenbahn Alle wichtigen Orte auf einem Blick Hier erf\u00e4hrst du alles \u00fcber die wichtigsten Locations beim Full Metal Mayrhofen Die Locations im Detail Ahornbahn Die Ahornbahn ist eine von zwei Bergbahnen in Mayrhofen, die euch direkt auf den Berg und damit zu den Skipisten bringt. Bahnhof Wer mit der Bahn [&hellip;]","og_url":"https:\/\/www.full-metal-mayrhofen.com\/de\/lageplan\/","og_site_name":"Full Metal Mayrhofen","article_publisher":"https:\/\/www.facebook.com\/FullMetalMayrhofen.Official\/","article_modified_time":"2026-03-12T15:43:31+00:00","og_image":[{"width":1024,"height":576,"url":"https:\/\/www.full-metal-mayrhofen.com\/wp-content\/uploads\/2025\/01\/fmm_2025_bandposter_1024x576_241114.jpg","type":"image\/jpeg"}],"twitter_card":"summary_large_image","twitter_misc":{"Gesch\u00e4tzte Lesezeit":"1\u00a0Minute"},"schema":{"@context":"https:\/\/schema.org","@graph":[{"@type":"WebPage","@id":"https:\/\/www.full-metal-mayrhofen.com\/lageplan\/","url":"https:\/\/www.full-metal-mayrhofen.com\/lageplan\/","name":"Lageplan | Full Metal Mayrhofen","isPartOf":{"@id":"https:\/\/www.full-metal-mayrhofen.com\/de\/#website"},"datePublished":"2025-01-29T14:51:25+00:00","dateModified":"2026-03-12T15:43:31+00:00","breadcrumb":{"@id":"https:\/\/www.full-metal-mayrhofen.com\/lageplan\/#breadcrumb"},"inLanguage":"de","potentialAction":[{"@type":"ReadAction","target":["https:\/\/www.full-metal-mayrhofen.com\/lageplan\/"]}]},{"@type":"BreadcrumbList","@id":"https:\/\/www.full-metal-mayrhofen.com\/lageplan\/#breadcrumb","itemListElement":[{"@type":"ListItem","position":1,"name":"Startseite","item":"https:\/\/www.full-metal-mayrhofen.com\/"},{"@type":"ListItem","position":2,"name":"Lageplan"}]},{"@type":"WebSite","@id":"https:\/\/www.full-metal-mayrhofen.com\/de\/#website","url":"https:\/\/www.full-metal-mayrhofen.com\/de\/","name":"Full Metal Mayrhofen","description":"","publisher":{"@id":"https:\/\/www.full-metal-mayrhofen.com\/de\/#organization"},"potentialAction":[{"@type":"SearchAction","target":{"@type":"EntryPoint","urlTemplate":"https:\/\/www.full-metal-mayrhofen.com\/de\/?s={search_term_string}"},"query-input":{"@type":"PropertyValueSpecification","valueRequired":true,"valueName":"search_term_string"}}],"inLanguage":"de"},{"@type":"Organization","@id":"https:\/\/www.full-metal-mayrhofen.com\/de\/#organization","name":"Full Metal Mayrhofen","url":"https:\/\/www.full-metal-mayrhofen.com\/de\/","logo":{"@type":"ImageObject","inLanguage":"de","@id":"https:\/\/www.full-metal-mayrhofen.com\/de\/#\/schema\/logo\/image\/","url":"https:\/\/www.full-metal-mayrhofen.com\/wp-content\/uploads\/2024\/11\/FMM_2025_Logo_RZ_300.png","contentUrl":"https:\/\/www.full-metal-mayrhofen.com\/wp-content\/uploads\/2024\/11\/FMM_2025_Logo_RZ_300.png","width":300,"height":222,"caption":"Full Metal Mayrhofen"},"image":{"@id":"https:\/\/www.full-metal-mayrhofen.com\/de\/#\/schema\/logo\/image\/"},"sameAs":["https:\/\/www.facebook.com\/FullMetalMayrhofen.Official\/","https:\/\/www.instagram.com\/fullmetalmayrhofen.official\/"]}]}},"_links":{"self":[{"href":"https:\/\/www.full-metal-mayrhofen.com\/de\/wp-json\/wp\/v2\/pages\/707","targetHints":{"allow":["GET"]}}],"collection":[{"href":"https:\/\/www.full-metal-mayrhofen.com\/de\/wp-json\/wp\/v2\/pages"}],"about":[{"href":"https:\/\/www.full-metal-mayrhofen.com\/de\/wp-json\/wp\/v2\/types\/page"}],"author":[{"embeddable":true,"href":"https:\/\/www.full-metal-mayrhofen.com\/de\/wp-json\/wp\/v2\/users\/3"}],"replies":[{"embeddable":true,"href":"https:\/\/www.full-metal-mayrhofen.com\/de\/wp-json\/wp\/v2\/comments?post=707"}],"version-history":[{"count":10,"href":"https:\/\/www.full-metal-mayrhofen.com\/de\/wp-json\/wp\/v2\/pages\/707\/revisions"}],"predecessor-version":[{"id":1257,"href":"https:\/\/www.full-metal-mayrhofen.com\/de\/wp-json\/wp\/v2\/pages\/707\/revisions\/1257"}],"wp:attachment":[{"href":"https:\/\/www.full-metal-mayrhofen.com\/de\/wp-json\/wp\/v2\/media?parent=707"}],"curies":[{"name":"wp","href":"https:\/\/api.w.org\/{rel}","templated":true}]}}