{"id":775,"date":"2025-02-19T15:49:34","date_gmt":"2025-02-19T14:49:34","guid":{"rendered":"https:\/\/www.full-metal-mayrhofen.com\/?page_id=775"},"modified":"2025-07-04T13:18:46","modified_gmt":"2025-07-04T11:18:46","slug":"faq","status":"publish","type":"page","link":"https:\/\/www.full-metal-mayrhofen.com\/de\/faq\/","title":{"rendered":"FAQ"},"content":{"rendered":"<h1>FAQ<\/h1>\n<hr>\n<h2>Skipass, Check-In und Tagestickets<\/h2>\n<h2>Fragen und Antworten auf einem Blick<\/h2>\n<div>\n<p>Hier bekommst du alle wichtigen Infos \u00fcber Full Metal Mayrhofen<\/p>\n<\/div>\n<ul>\n<li>\n<h3>Was ist im FMM-Festivalticket enthalten?<\/h3>\n<div>\n<p>Im Festivalticket sind alle Konzerte der Bands inbegriffen.<\/p>\n<\/div>\n<\/li>\n<li>\n<h3>Kann ich mit \u00f6ffentlichen Verkehrsmitteln anreisen?<\/h3>\n<div>\n<p>Die Anreise mit \u00f6ffentlichen Verkehrsmitteln ist m\u00f6glich. Der Bahnhof Mayrhofen ist von M\u00fcnchen per Bahn komfortabel erreichbar.<\/p>\n<\/div>\n<\/li>\n<li>\n<h3>Wo ist der Check-In?<\/h3>\n<div>\n<p>Der Check-In befindet sich im Europahaus, Durster Str. 225, 6290 Mayrhofen.<\/p>\n<\/div>\n<\/li>\n<li>\n<h3>Brauche ich einen Skipass um zu den Konzertlocations zu kommen?<\/h3>\n<div>\n<p>Die Konzerte finden in den Locations im Dorf statt und sind ohne Skipass erreichbar.<\/p>\n<\/div>\n<\/li>\n<li>\n<h3>Wo bekomme ich einen Skipass?<\/h3>\n<div>\n<p>Skip\u00e4sse und Tickets f\u00fcr die Bergbahnen gibt es online unter <a href=\"https:\/\/www.mayrhofen.at\/de\/pages\/skiticket-mountopolis-zillertal\" target=\"_blank\" rel=\"noopener\">https:\/\/www.mayrhofen.at\/de\/pages\/skiticket-mountopolis-zillertal<\/a> oder direkt an der Bergbahn.<\/p>\n<\/div>\n<\/li>\n<li>\n<h3>Welche Ticketarten gibt es?<\/h3>\n<div>\n<p>Folgende Ticketarten stehen zur Auswahl:<\/p>\n<ul>\n<li>Festival Ticket f\u00fcr sechs Tage: 229 Euro<\/li>\n<li>Festival-Ticket f\u00fcr drei Tage: 155 Euro<\/li>\n<li>Festival Ticket \u201cPlus\u201d f\u00fcr sechs Tage: 299 Euro\u00a0 (enth\u00e4lt 4 mal Flexi-Ticket)<\/li>\n<li>Festival-Ticket \u201cPlus\u201d f\u00fcr drei Tage: 195 Euro (enth\u00e4lt 2 mal Flexi-Ticket)<\/li>\n<\/ul>\n<\/div>\n<\/li>\n<li>\n<h3>Wie buche ich meine Unterkunft?<\/h3>\n<div>\n<p>Unterk\u00fcnfte verschiedenster Art, inkl. Festivalticket gibt es bei Travelcircus:<br \/><span lang=\"DE\"><a href=\"https:\/\/fullmetal.travelcircus.de\/full-metal-mayrhofen\" target=\"_blank\">www.travelcircus.de\/full-metal-mayrhofen<\/a><\/span><br \/>und<br \/> <a href=\"https:\/\/www.Mayrhofen.at\" target=\"_blank\">Mayrhofen.at<\/a><\/p>\n<\/div>\n<\/li>\n<li>\n<h3>D\u00fcrfen Kinder und Jugendliche teilnehmen?<\/h3>\n<div>\n<p>F\u00fcr Kinder bis 12 Jahre ist der Eintritt frei (mit Begleitung). Eintritt zu den Veranstaltungen ist ab 16 Jahren m\u00f6glich, bzw. im Br\u00fcckenstadl ab 17 Jahren. Es gilt das \u00d6sterreichische Jugendschutzgesetz.\u00a0<a href=\"https:\/\/www.bundeskanzleramt.gv.at\/agenda\/jugend\/jugendschutz.html\" target=\"_blank\" rel=\"noopener\">https:\/\/www.bundeskanzleramt.gv.at\/agenda\/jugend\/jugendschutz.html<\/a><\/p>\n<\/div>\n<\/li>\n<\/ul>\n<p><!--more--><br \/>\n<!-- {\"type\":\"layout\",\"children\":[{\"type\":\"section\",\"props\":{\"height\":\"pixels\",\"height_viewport\":300,\"image_position\":\"center-center\",\"overlap\":false,\"padding\":\"large\",\"padding_remove_bottom\":true,\"style\":\"default\",\"title_breakpoint\":\"xl\",\"title_position\":\"top-left\",\"title_rotation\":\"left\",\"vertical_align\":\"middle\",\"width\":\"large\"},\"children\":[{\"type\":\"row\",\"children\":[{\"type\":\"column\",\"props\":{\"image_position\":\"center-center\",\"position_sticky_breakpoint\":\"m\"},\"children\":[{\"type\":\"headline\",\"props\":{\"content\":\"FAQ\",\"text_align\":\"center\",\"title_element\":\"h1\",\"title_style\":\"h5\"}},{\"type\":\"divider\",\"props\":{\"block_align\":\"center\",\"divider_element\":\"hr\",\"divider_style\":\"icon\",\"maxwidth\":\"medium\"}},{\"type\":\"headline\",\"props\":{\"block_align\":\"center\",\"content\":\"Skipass, Check-In und Tagestickets\",\"margin_remove_bottom\":true,\"maxwidth\":\"xlarge\",\"text_align\":\"center\",\"title_element\":\"h2\",\"title_style\":\"h1\"}},{\"type\":\"headline\",\"props\":{\"block_align\":\"center\",\"content\":\"Fragen und Antworten auf einem Blick\",\"margin\":\"small\",\"margin_remove_top\":false,\"text_align\":\"center\",\"title_color\":\"primary\",\"title_element\":\"h2\",\"title_style\":\"h3\"}},{\"type\":\"text\",\"props\":{\"column_breakpoint\":\"m\",\"content\":\"\n\n<p>Hier bekommst du alle wichtigen Infos \\u00fcber Full Metal Mayrhofen<\\\/p>\",\"margin\":\"medium\",\"text_align\":\"center\"}}]}],\"props\":{\"width\":\"small\"}}],\"name\":\"fmm headline section\"},{\"type\":\"section\",\"props\":{\"image_position\":\"center-center\",\"style\":\"default\",\"title_breakpoint\":\"xl\",\"title_position\":\"top-left\",\"title_rotation\":\"left\",\"vertical_align\":\"middle\",\"width\":\"default\"},\"children\":[{\"type\":\"row\",\"children\":[{\"type\":\"column\",\"props\":{\"image_position\":\"center-center\",\"position_sticky_breakpoint\":\"m\"},\"children\":[{\"type\":\"accordion\",\"props\":{\"collapsible\":true,\"content_column_breakpoint\":\"m\",\"image_align\":\"top\",\"image_grid_breakpoint\":\"m\",\"image_grid_width\":\"1-2\",\"image_svg_color\":\"emphasis\",\"link_style\":\"default\",\"link_text\":\"Read more\",\"show_image\":true,\"show_link\":true},\"children\":[{\"type\":\"accordion_item\",\"props\":{\"content\":\"\n\n<p>Im Festivalticket sind alle Konzerte der Bands inbegriffen.<\\\/p>\",\"title\":\"Was ist im FMM-Festivalticket enthalten?\"}},{\"type\":\"accordion_item\",\"props\":{\"content\":\"\n\n<p>Die Anreise mit \\u00f6ffentlichen Verkehrsmitteln ist m\\u00f6glich. Der Bahnhof Mayrhofen ist von M\\u00fcnchen per Bahn komfortabel erreichbar.<\\\/p>\",\"title\":\"Kann ich mit \\u00f6ffentlichen Verkehrsmitteln anreisen?\"}},{\"type\":\"accordion_item\",\"props\":{\"content\":\"\n\n<p>Der Check-In befindet sich im Europahaus, Durster Str. 225, 6290 Mayrhofen.<\\\/p>\",\"title\":\"Wo ist der Check-In?\"}},{\"type\":\"accordion_item\",\"props\":{\"content\":\"\n\n<p>Die Konzerte finden in den Locations im Dorf statt und sind ohne Skipass erreichbar.<\\\/p>\",\"title\":\"Brauche ich einen Skipass um zu den Konzertlocations zu kommen?\"}},{\"type\":\"accordion_item\",\"props\":{\"content\":\"\n\n<p>Skip\\u00e4sse und Tickets f\\u00fcr die Bergbahnen gibt es online unter <a href=\\\"https:\\\/\\\/www.mayrhofen.at\\\/de\\\/pages\\\/skiticket-mountopolis-zillertal\\\" target=\\\"_blank\\\" rel=\\\"noopener\\\">https:\\\/\\\/www.mayrhofen.at\\\/de\\\/pages\\\/skiticket-mountopolis-zillertal<\\\/a> oder direkt an der Bergbahn.<\\\/p>\",\"title\":\"Wo bekomme ich einen Skipass?\"}},{\"type\":\"accordion_item\",\"props\":{\"content\":\"\n\n<p>Folgende Ticketarten stehen zur Auswahl:<\\\/p>\\n\n\n<ul>\\n\n\n<li>Festival Ticket f\\u00fcr sechs Tage: 229 Euro<\\\/li>\\n\n\n<li>Festival-Ticket f\\u00fcr drei Tage: 155 Euro<\\\/li>\\n\n\n<li>Festival Ticket \\u201cPlus\\u201d f\\u00fcr sechs Tage: 299 Euro\\u00a0 (enth\\u00e4lt 4 mal Flexi-Ticket)<\\\/li>\\n\n\n<li>Festival-Ticket \\u201cPlus\\u201d f\\u00fcr drei Tage: 195 Euro (enth\\u00e4lt 2 mal Flexi-Ticket)<\\\/li>\\n<\\\/ul>\",\"title\":\"Welche Ticketarten gibt es?\"}},{\"type\":\"accordion_item\",\"props\":{\"content\":\"\n\n<p>Unterk\\u00fcnfte verschiedenster Art, inkl. Festivalticket gibt es bei Travelcircus:<br \\\/><span lang=\\\"DE\\\"><a href=\\\"https:\\\/\\\/fullmetal.travelcircus.de\\\/full-metal-mayrhofen\\\" target=\\\"_blank\\\">www.travelcircus.de\\\/full-metal-mayrhofen<\\\/a><\\\/span><br \/>und<br \/> <a href=\\\"https:\\\/\\\/www.Mayrhofen.at\\\" target=\\\"_blank\\\">Mayrhofen.at<\\\/a><\\\/p>\",\"title\":\"Wie buche ich meine Unterkunft?\"}},{\"type\":\"accordion_item\",\"props\":{\"content\":\"\n\n<p>F\\u00fcr Kinder bis 12 Jahre ist der Eintritt frei (mit Begleitung). Eintritt zu den Veranstaltungen ist ab 16 Jahren m\\u00f6glich, bzw. im Br\\u00fcckenstadl ab 17 Jahren. Es gilt das \\u00d6sterreichische Jugendschutzgesetz.\\u00a0<a href=\\\"https:\\\/\\\/www.bundeskanzleramt.gv.at\\\/agenda\\\/jugend\\\/jugendschutz.html\\\" target=\\\"_blank\\\" rel=\\\"noopener\\\">https:\\\/\\\/www.bundeskanzleramt.gv.at\\\/agenda\\\/jugend\\\/jugendschutz.html<\\\/a><\\\/p>\",\"title\":\"D\\u00fcrfen Kinder und Jugendliche teilnehmen?\"}}]},{\"type\":\"accordion\",\"props\":{\"collapsible\":true,\"content_column_breakpoint\":\"m\",\"image_align\":\"top\",\"image_grid_breakpoint\":\"m\",\"image_grid_width\":\"1-2\",\"image_svg_color\":\"emphasis\",\"link_style\":\"default\",\"link_text\":\"Read more\",\"show_image\":true,\"show_link\":true,\"status\":\"disabled\"},\"children\":[{\"type\":\"accordion_item\",\"props\":{\"content\":\"\n\n<p>Im Festivalticket sind alle Konzerte der Bands inbegriffen.<\\\/p>\",\"title\":\"Was ist im FMM-Festivalticket enthalten?\"}},{\"type\":\"accordion_item\",\"props\":{\"content\":\"\n\n<p>Die Anreise mit \\u00f6ffentlichen Verkehrsmitteln ist m\\u00f6glich. Der Bahnhof Mayrhofen ist von M\\u00fcnchen per Bahn komfortabel erreichbar.<\\\/p>\",\"title\":\"Kann ich mit \\u00f6ffentlichen Verkehrsmitteln anreisen?\"}},{\"type\":\"accordion_item\",\"props\":{\"content\":\"\n\n<p>Der Check-In befindet sich im Europahaus, Durster Str. 225, 6290 Mayrhofen.<\\\/p>\",\"title\":\"Wo ist der Check-In?\"}},{\"type\":\"accordion_item\",\"props\":{\"content\":\"\n\n<p>Die Konzerte finden in den Locations im Dorf statt und sind ohne Skipass erreichbar.<\\\/p>\",\"title\":\"Brauche ich einen Skipass um zu den Konzertlocations zu kommen?\"}},{\"type\":\"accordion_item\",\"props\":{\"content\":\"\n\n<p>Die Konzerte in Mayrhofen finden im Br\\u00fcck\\u2019n Stadl und auf der Forest Stage auf dem Waldfestplatz, Brandbergstra\\u00dfe 364, 6290 Mayrhofen statt.<\\\/p>\",\"title\":\"Wo sind die B\\u00fchnen im Dorf?\"}},{\"type\":\"accordion_item\",\"props\":{\"content\":\"\n\n<p>Die Partys in den H\\u00fctten am Berg sind nur \\u00fcber die Bergbahnen erreichbar. Hierf\\u00fcr wird ein Skipass oder ein Berg- und Talfahrt Ticket ben\\u00f6tigt. F\\u00fcr Fu\\u00dfg\\u00e4nger gibt es ein Tagesticket zu Sonderkonditionen f\\u00fcr 22,50\\u20ac.<\\\/p>\",\"title\":\"Wie erreiche ich die H\\u00fctten am Berg?\"}},{\"type\":\"accordion_item\",\"props\":{\"content\":\"\n\n<p>Skip\\u00e4sse und Tickets f\\u00fcr die Bergbahnen gibt es online unter <a href=\\\"https:\\\/\\\/www.mayrhofen.at\\\/de\\\/pages\\\/skiticket-mountopolis-zillertal\\\" target=\\\"_blank\\\" rel=\\\"noopener\\\">https:\\\/\\\/www.mayrhofen.at\\\/de\\\/pages\\\/skiticket-mountopolis-zillertal<\\\/a> oder direkt an der Bergbahn.<\\\/p>\",\"title\":\"Wo bekomme ich einen Skipass?\"}},{\"type\":\"accordion_item\",\"props\":{\"content\":\"\n\n<p>Du hast die Wahl zwischen folgenden Ticketarten:<\\\/p>\\n\n\n<ul>\\n\n\n<li>6-Tage-Ticket (31.03.2025 bis 05.04.2025)<\\\/li>\\n\n\n<li>2-Tages-Ticket (04.04.2025 bis 05.04.2025)<\\\/li>\\n\n\n<li>Tagesticket<\\\/li>   \\n<\\\/ul>\\n\n\n<p>Der Eintritt im Br\\u00fcckstadl am Montag ist frei. Die Kapazit\\u00e4t ist begrenzt. Fr\\u00fch da sein lohnt sich also!<\\\/p>\",\"title\":\"Welche Ticketarten gibt es?\"}},{\"type\":\"accordion_item\",\"props\":{\"content\":\"\n\n<p>Tagestickets f\\u00fcr Full Metal Mayrhofen sind \\u00fcber <a href=\\\"https:\\\/\\\/www.metaltix.com\\\/full-metal-mayrhofen-2025-tickets-5679.html#tour1915\\\" target=\\\"_blank\\\" rel=\\\"noopener\\\">Metaltix.com<\\\/a>, sowie voraussichtlich an der Abendkasse erh\\u00e4ltlich.<\\\/p>\",\"title\":\"Gibt es Tagestickets?\"}},{\"type\":\"accordion_item\",\"props\":{\"content\":\"\n\n<p>Tagesg\\u00e4ste k\\u00f6nnen am Freitag und Samstag den Parkplatz bei der Ahornbahn benutzen. Bei Anfahrt vor 17.00 Uhr kannst du an der Kassa der Bergbahn gegen Vorlage deines FMM-Tickets das Parkplatzticket kostenlos entwerten lassen. Bei Anreise nach 17.00 Uhr kannst du das Parkplatzticket an den Schaltern rund um den Waldfestplatz unter Vorweis des FMM-Tickets gegen ein kostenloses Einmalausfahrtsticket eintauschen.<\\\/p>\",\"title\":\"Wo finde ich Tagesparkpl\\u00e4tze?\"}},{\"type\":\"accordion_item\",\"props\":{\"content\":\"\n\n<p>Unterk\\u00fcnfte verschiedenster Art gibt es \\u00fcber <a href=\\\"https:\\\/\\\/go.kaboodle.co.uk\\\/FMM25\\\" target=\\\"_blank\\\">kaboodle.com<\\\/a> und <a href=\\\"https:\\\/\\\/mayrhofen.at\\\/fmm\\\" target=\\\"_blank\\\">mayrhofen.at<\\\/a><\\\/p>\",\"title\":\"Wie buche ich meine Unterkunft?\"}},{\"type\":\"accordion_item\",\"props\":{\"content\":\"\n\n<p>FMM-Merchandise bekommst du im Europahaus, Durster Str. 225, 6290 Mayrhofen.<\\\/p>\",\"title\":\"Wo bekomme ich Merchandise?\"}},{\"type\":\"accordion_item\",\"props\":{\"content\":\"\n\n<p>Die Meet&amp;Greets mit den K\\u00fcnstlern finden im Europahaus, Durster Str. 225, 6290 Mayrhofen statt.<\\\/p>\",\"title\":\"Wo finden die Meet&Greets statt?\"}},{\"type\":\"accordion_item\",\"props\":{\"content\":\"\n\n<p>F\\u00fcr Kinder bis 12 Jahre ist der Eintritt frei (mit Begleitung). Eintritt zu den Veranstaltungen ist ab 16 Jahren m\\u00f6glich, bzw. im Br\\u00fcckenstadl ab 17 Jahren. Es gilt das \\u00d6sterreichische Jugendschutzgesetz.\\u00a0<a href=\\\"https:\\\/\\\/www.bundeskanzleramt.gv.at\\\/agenda\\\/jugend\\\/jugendschutz.html\\\" target=\\\"_blank\\\" rel=\\\"noopener\\\">https:\\\/\\\/www.bundeskanzleramt.gv.at\\\/agenda\\\/jugend\\\/jugendschutz.html<\\\/a><\\\/p>\",\"title\":\"D\\u00fcrfen Kinder und Jugendliche teilnehmen?\"}}]}]}]}],\"name\":\"FAQ\"}],\"version\":\"4.5.21\"} --><\/p>\n","protected":false},"excerpt":{"rendered":"<p>FAQ Skipass, Check-In und Tagestickets Fragen und Antworten auf einem Blick Hier bekommst du alle wichtigen Infos \u00fcber Full Metal Mayrhofen Was ist im FMM-Festivalticket enthalten? Im Festivalticket sind alle Konzerte der Bands inbegriffen. Kann ich mit \u00f6ffentlichen Verkehrsmitteln anreisen? Die Anreise mit \u00f6ffentlichen Verkehrsmitteln ist m\u00f6glich. Der Bahnhof Mayrhofen ist von M\u00fcnchen per Bahn [&hellip;]<\/p>\n","protected":false},"author":3,"featured_media":0,"parent":0,"menu_order":0,"comment_status":"closed","ping_status":"closed","template":"","meta":{"footnotes":""},"class_list":["post-775","page","type-page","status-publish","hentry"],"yoast_head":"<!-- This site is optimized with the Yoast SEO plugin v26.6 - https:\/\/yoast.com\/wordpress\/plugins\/seo\/ -->\n<title>FAQ | Full Metal Mayrhofen<\/title>\n<meta name=\"robots\" content=\"index, follow, max-snippet:-1, max-image-preview:large, max-video-preview:-1\" \/>\n<link rel=\"canonical\" href=\"https:\/\/www.full-metal-mayrhofen.com\/de\/faq\/\" \/>\n<meta property=\"og:locale\" content=\"de_DE\" \/>\n<meta property=\"og:type\" content=\"article\" \/>\n<meta property=\"og:title\" content=\"FAQ | Full Metal Mayrhofen\" \/>\n<meta property=\"og:description\" content=\"FAQ Skipass, Check-In und Tagestickets Fragen und Antworten auf einem Blick Hier bekommst du alle wichtigen Infos \u00fcber Full Metal Mayrhofen Was ist im FMM-Festivalticket enthalten? Im Festivalticket sind alle Konzerte der Bands inbegriffen. Kann ich mit \u00f6ffentlichen Verkehrsmitteln anreisen? Die Anreise mit \u00f6ffentlichen Verkehrsmitteln ist m\u00f6glich. Der Bahnhof Mayrhofen ist von M\u00fcnchen per Bahn [&hellip;]\" \/>\n<meta property=\"og:url\" content=\"https:\/\/www.full-metal-mayrhofen.com\/de\/faq\/\" \/>\n<meta property=\"og:site_name\" content=\"Full Metal Mayrhofen\" \/>\n<meta property=\"article:publisher\" content=\"https:\/\/www.facebook.com\/FullMetalMayrhofen.Official\/\" \/>\n<meta property=\"article:modified_time\" content=\"2025-07-04T11:18:46+00:00\" \/>\n<meta property=\"og:image\" content=\"https:\/\/www.full-metal-mayrhofen.com\/wp-content\/uploads\/2025\/01\/fmm_2025_bandposter_1024x576_241114.jpg\" \/>\n\t<meta property=\"og:image:width\" content=\"1024\" \/>\n\t<meta property=\"og:image:height\" content=\"576\" \/>\n\t<meta property=\"og:image:type\" content=\"image\/jpeg\" \/>\n<meta name=\"twitter:card\" content=\"summary_large_image\" \/>\n<meta name=\"twitter:label1\" content=\"Gesch\u00e4tzte Lesezeit\" \/>\n\t<meta name=\"twitter:data1\" content=\"3\u00a0Minuten\" \/>\n<script type=\"application\/ld+json\" class=\"yoast-schema-graph\">{\"@context\":\"https:\/\/schema.org\",\"@graph\":[{\"@type\":\"WebPage\",\"@id\":\"https:\/\/www.full-metal-mayrhofen.com\/faq\/\",\"url\":\"https:\/\/www.full-metal-mayrhofen.com\/faq\/\",\"name\":\"FAQ | Full Metal Mayrhofen\",\"isPartOf\":{\"@id\":\"https:\/\/www.full-metal-mayrhofen.com\/de\/#website\"},\"datePublished\":\"2025-02-19T14:49:34+00:00\",\"dateModified\":\"2025-07-04T11:18:46+00:00\",\"breadcrumb\":{\"@id\":\"https:\/\/www.full-metal-mayrhofen.com\/faq\/#breadcrumb\"},\"inLanguage\":\"de\",\"potentialAction\":[{\"@type\":\"ReadAction\",\"target\":[\"https:\/\/www.full-metal-mayrhofen.com\/faq\/\"]}]},{\"@type\":\"BreadcrumbList\",\"@id\":\"https:\/\/www.full-metal-mayrhofen.com\/faq\/#breadcrumb\",\"itemListElement\":[{\"@type\":\"ListItem\",\"position\":1,\"name\":\"Startseite\",\"item\":\"https:\/\/www.full-metal-mayrhofen.com\/\"},{\"@type\":\"ListItem\",\"position\":2,\"name\":\"FAQ\"}]},{\"@type\":\"WebSite\",\"@id\":\"https:\/\/www.full-metal-mayrhofen.com\/de\/#website\",\"url\":\"https:\/\/www.full-metal-mayrhofen.com\/de\/\",\"name\":\"Full Metal Mayrhofen\",\"description\":\"\",\"publisher\":{\"@id\":\"https:\/\/www.full-metal-mayrhofen.com\/de\/#organization\"},\"potentialAction\":[{\"@type\":\"SearchAction\",\"target\":{\"@type\":\"EntryPoint\",\"urlTemplate\":\"https:\/\/www.full-metal-mayrhofen.com\/de\/?s={search_term_string}\"},\"query-input\":{\"@type\":\"PropertyValueSpecification\",\"valueRequired\":true,\"valueName\":\"search_term_string\"}}],\"inLanguage\":\"de\"},{\"@type\":\"Organization\",\"@id\":\"https:\/\/www.full-metal-mayrhofen.com\/de\/#organization\",\"name\":\"Full Metal Mayrhofen\",\"url\":\"https:\/\/www.full-metal-mayrhofen.com\/de\/\",\"logo\":{\"@type\":\"ImageObject\",\"inLanguage\":\"de\",\"@id\":\"https:\/\/www.full-metal-mayrhofen.com\/de\/#\/schema\/logo\/image\/\",\"url\":\"https:\/\/www.full-metal-mayrhofen.com\/wp-content\/uploads\/2024\/11\/FMM_2025_Logo_RZ_300.png\",\"contentUrl\":\"https:\/\/www.full-metal-mayrhofen.com\/wp-content\/uploads\/2024\/11\/FMM_2025_Logo_RZ_300.png\",\"width\":300,\"height\":222,\"caption\":\"Full Metal Mayrhofen\"},\"image\":{\"@id\":\"https:\/\/www.full-metal-mayrhofen.com\/de\/#\/schema\/logo\/image\/\"},\"sameAs\":[\"https:\/\/www.facebook.com\/FullMetalMayrhofen.Official\/\",\"https:\/\/www.instagram.com\/fullmetalmayrhofen.official\/\"]}]}<\/script>\n<!-- \/ Yoast SEO plugin. -->","yoast_head_json":{"title":"FAQ | Full Metal Mayrhofen","robots":{"index":"index","follow":"follow","max-snippet":"max-snippet:-1","max-image-preview":"max-image-preview:large","max-video-preview":"max-video-preview:-1"},"canonical":"https:\/\/www.full-metal-mayrhofen.com\/de\/faq\/","og_locale":"de_DE","og_type":"article","og_title":"FAQ | Full Metal Mayrhofen","og_description":"FAQ Skipass, Check-In und Tagestickets Fragen und Antworten auf einem Blick Hier bekommst du alle wichtigen Infos \u00fcber Full Metal Mayrhofen Was ist im FMM-Festivalticket enthalten? Im Festivalticket sind alle Konzerte der Bands inbegriffen. Kann ich mit \u00f6ffentlichen Verkehrsmitteln anreisen? Die Anreise mit \u00f6ffentlichen Verkehrsmitteln ist m\u00f6glich. Der Bahnhof Mayrhofen ist von M\u00fcnchen per Bahn [&hellip;]","og_url":"https:\/\/www.full-metal-mayrhofen.com\/de\/faq\/","og_site_name":"Full Metal Mayrhofen","article_publisher":"https:\/\/www.facebook.com\/FullMetalMayrhofen.Official\/","article_modified_time":"2025-07-04T11:18:46+00:00","og_image":[{"width":1024,"height":576,"url":"https:\/\/www.full-metal-mayrhofen.com\/wp-content\/uploads\/2025\/01\/fmm_2025_bandposter_1024x576_241114.jpg","type":"image\/jpeg"}],"twitter_card":"summary_large_image","twitter_misc":{"Gesch\u00e4tzte Lesezeit":"3\u00a0Minuten"},"schema":{"@context":"https:\/\/schema.org","@graph":[{"@type":"WebPage","@id":"https:\/\/www.full-metal-mayrhofen.com\/faq\/","url":"https:\/\/www.full-metal-mayrhofen.com\/faq\/","name":"FAQ | Full Metal Mayrhofen","isPartOf":{"@id":"https:\/\/www.full-metal-mayrhofen.com\/de\/#website"},"datePublished":"2025-02-19T14:49:34+00:00","dateModified":"2025-07-04T11:18:46+00:00","breadcrumb":{"@id":"https:\/\/www.full-metal-mayrhofen.com\/faq\/#breadcrumb"},"inLanguage":"de","potentialAction":[{"@type":"ReadAction","target":["https:\/\/www.full-metal-mayrhofen.com\/faq\/"]}]},{"@type":"BreadcrumbList","@id":"https:\/\/www.full-metal-mayrhofen.com\/faq\/#breadcrumb","itemListElement":[{"@type":"ListItem","position":1,"name":"Startseite","item":"https:\/\/www.full-metal-mayrhofen.com\/"},{"@type":"ListItem","position":2,"name":"FAQ"}]},{"@type":"WebSite","@id":"https:\/\/www.full-metal-mayrhofen.com\/de\/#website","url":"https:\/\/www.full-metal-mayrhofen.com\/de\/","name":"Full Metal Mayrhofen","description":"","publisher":{"@id":"https:\/\/www.full-metal-mayrhofen.com\/de\/#organization"},"potentialAction":[{"@type":"SearchAction","target":{"@type":"EntryPoint","urlTemplate":"https:\/\/www.full-metal-mayrhofen.com\/de\/?s={search_term_string}"},"query-input":{"@type":"PropertyValueSpecification","valueRequired":true,"valueName":"search_term_string"}}],"inLanguage":"de"},{"@type":"Organization","@id":"https:\/\/www.full-metal-mayrhofen.com\/de\/#organization","name":"Full Metal Mayrhofen","url":"https:\/\/www.full-metal-mayrhofen.com\/de\/","logo":{"@type":"ImageObject","inLanguage":"de","@id":"https:\/\/www.full-metal-mayrhofen.com\/de\/#\/schema\/logo\/image\/","url":"https:\/\/www.full-metal-mayrhofen.com\/wp-content\/uploads\/2024\/11\/FMM_2025_Logo_RZ_300.png","contentUrl":"https:\/\/www.full-metal-mayrhofen.com\/wp-content\/uploads\/2024\/11\/FMM_2025_Logo_RZ_300.png","width":300,"height":222,"caption":"Full Metal Mayrhofen"},"image":{"@id":"https:\/\/www.full-metal-mayrhofen.com\/de\/#\/schema\/logo\/image\/"},"sameAs":["https:\/\/www.facebook.com\/FullMetalMayrhofen.Official\/","https:\/\/www.instagram.com\/fullmetalmayrhofen.official\/"]}]}},"_links":{"self":[{"href":"https:\/\/www.full-metal-mayrhofen.com\/de\/wp-json\/wp\/v2\/pages\/775","targetHints":{"allow":["GET"]}}],"collection":[{"href":"https:\/\/www.full-metal-mayrhofen.com\/de\/wp-json\/wp\/v2\/pages"}],"about":[{"href":"https:\/\/www.full-metal-mayrhofen.com\/de\/wp-json\/wp\/v2\/types\/page"}],"author":[{"embeddable":true,"href":"https:\/\/www.full-metal-mayrhofen.com\/de\/wp-json\/wp\/v2\/users\/3"}],"replies":[{"embeddable":true,"href":"https:\/\/www.full-metal-mayrhofen.com\/de\/wp-json\/wp\/v2\/comments?post=775"}],"version-history":[{"count":10,"href":"https:\/\/www.full-metal-mayrhofen.com\/de\/wp-json\/wp\/v2\/pages\/775\/revisions"}],"predecessor-version":[{"id":1016,"href":"https:\/\/www.full-metal-mayrhofen.com\/de\/wp-json\/wp\/v2\/pages\/775\/revisions\/1016"}],"wp:attachment":[{"href":"https:\/\/www.full-metal-mayrhofen.com\/de\/wp-json\/wp\/v2\/media?parent=775"}],"curies":[{"name":"wp","href":"https:\/\/api.w.org\/{rel}","templated":true}]}}