{"id":47,"date":"2024-10-11T14:44:32","date_gmt":"2024-10-11T12:44:32","guid":{"rendered":"https:\/\/www.full-metal-mayrhofen.com\/?page_id=47"},"modified":"2024-11-15T17:05:27","modified_gmt":"2024-11-15T16:05:27","slug":"impressum","status":"publish","type":"page","link":"https:\/\/www.full-metal-mayrhofen.com\/en\/impressum\/","title":{"rendered":"Imprint"},"content":{"rendered":"<h1>Imprint<\/h1>\n<div>\n<h3>Verantwortlich f\u00fcr die Webseite<\/h3>\n<p>Angaben gem\u00e4\u00df \u00a75 TMG:<\/p>\n<p>Full Entertainment GmbH<br \/>Schenefelder Str. 17<br \/>25596 Wacken<\/p>\n<p>Handelsregisternummer: HRA 7631 PI<br \/>Amtsgericht Pinneberg<br \/>USt-Id.Nr. DE301982008<\/p>\n<p>Gesch\u00e4ftsf\u00fchrer: Holger H\u00fcbner<\/p>\n<h3>Datenschutzbeauftragter<\/h3>\n<p>Reinher Karl<br \/>HABEWI GmbH &amp; Co. KG, Palmaille 96, 22767 Hamburg<br \/>Telefon: 040\/ 18189800<br \/>Fax: 040\/ 181898099<br \/>E-Mail: datenschutz@habewi.de<\/p>\n<\/div>\n<h3>Webdesign<\/h3>\n<div>\n<p><a href=\"https:\/\/www.buntmetall.net\">BUNTMETALL UG<\/a><\/p>\n<\/div>\n<h3>Fotos<\/h3>\n<div>\n<p>Buntmetall<\/p>\n<\/div>\n<h3>Haftungsausschluss<\/h3>\n<h3>Haftung f\u00fcr Inhalte<\/h3>\n<div>\n<p>Die Inhalte dieser Website sind mit verkehrs\u00fcblicher Sorgfalt erstellt, jedoch \u00fcbernimmt der Anbieter keine Gew\u00e4hr daf\u00fcr, dass diese richtig, vollst\u00e4ndig und aktuell sind. Die Nutzung aller Inhalte erfolgt auf eigene Gefahr des Nutzers. Mit Namen versehene Beitr\u00e4ge geben die Meinung des Autors und nicht des Anbieters wieder. Diese Website enth\u00e4lt auch Verkn\u00fcpfungen zu Websites Dritter (&#8222;externe Links&#8220;). Der Anbieter hat sich bei der Einrichtung der externen Links davon \u00fcberzeugt, dass deren Inhalte keine Rechtsverst\u00f6\u00dfe darstellen. Der Anbieter hat weder Einfluss auf die Inhalte der durch externe Links verkn\u00fcpften Seiten, noch deren gegenw\u00e4rtige und k\u00fcnftige Gestaltung. Das Setzen von externen Links zu diesen Inhalten bedeutet auch nicht, dass der Anbieter sie sich zu eigen macht. Eine anlassunabh\u00e4ngige permanente Kontrolle der \u00fcber externe Links verkn\u00fcpften Inhalte ist f\u00fcr den Anbieter nicht m\u00f6glich. Bei Kenntnis von Rechtsverst\u00f6\u00dfen werden jedoch derartige externe Links unverz\u00fcglich gel\u00f6scht.<\/p>\n<p>Die auf dieser Website ver\u00f6ffentlichten Inhalte sind urheber- und leistungsschutzrechtlich gesch\u00fctzt. Jede nicht unmittelbar gesetzlich zugelassene Verwertung (insbesondere Vervielf\u00e4ltigung, Bearbeitung, \u00dcbersetzung, Einspeicherung, Verarbeitung oder Wiedergabe in Datenbanken oder anderen elektronischen Medien und Systemen) bedarf der vorherigen schriftlichen Zustimmung des Anbieters oder sonstigen Rechteinhabers. Inhalte und Rechte Dritter sind als solche gekennzeichnet. Die unerlaubte Verwertung oder Weitergabe der Inhalte (einzeln oder ganzer Seiten) ist verboten und strafbar. Nur Kopien und Downloads f\u00fcr den pers\u00f6nlichen, privaten und nicht kommerziellen Gebrauch sind erlaubt. Die Darstellung dieser Website in fremden Frames ist nur mit schriftlicher Erlaubnis zul\u00e4ssig.<\/p>\n<p>Die Verwendung des Impressums zur gewerblichen Werbung ohne vorherige schriftliche Einwilligung ist verboten, es sei denn, es besteht bereits eine Gesch\u00e4ftsbeziehung. Der Anbieter und alle auf dieser Website genannten Personen lehnen hiermit jeder kommerziellen Verwendung und Weitergabe ihrer Daten ab.<\/p>\n<\/div>\n<p><!--more--><br \/>\n<!-- {\"type\":\"layout\",\"children\":[{\"type\":\"section\",\"props\":{\"header_transparent\":true,\"header_transparent_text_color\":\"light\",\"height\":\"pixels\",\"height_viewport\":0,\"image_position\":\"center-center\",\"padding\":\"large\",\"padding_remove_top\":false,\"style\":\"secondary\",\"title_breakpoint\":\"xl\",\"title_position\":\"top-left\",\"title_rotation\":\"left\",\"vertical_align\":\"\",\"width\":\"xlarge\"},\"children\":[{\"type\":\"row\",\"props\":{\"margin\":\"medium\"},\"children\":[{\"type\":\"column\",\"props\":{\"image_position\":\"center-center\",\"position_sticky_breakpoint\":\"m\",\"width_medium\":\"1-1\"},\"children\":[{\"type\":\"headline\",\"props\":{\"content\":\"Impressum\",\"text_align\":\"center\",\"title_decoration\":\"line\",\"title_element\":\"h1\",\"title_style\":\"h1\"}}]}]},{\"type\":\"row\",\"props\":{\"layout\":\"1-2,1-2\",\"margin\":\"medium\",\"width\":\"large\"},\"children\":[{\"type\":\"column\",\"props\":{\"image_position\":\"center-center\",\"position_sticky_breakpoint\":\"m\",\"width_medium\":\"1-2\"},\"children\":[{\"type\":\"text\",\"props\":{\"column_breakpoint\":\"m\",\"content\":\"\n\n<p>F\\u00fcr die Reise gelten ausschlie\\u00dflich die Reise-und Bef\\u00f6rderungsbedingungen sowie die AGB von TUI Cruises.<br \\\/>Diese k\\u00f6nnen hier eingesehen werden: <a title=\\\"TUI Cruises - AGB\\\" href=\\\"http:\\\/\\\/www.tuicruises.com\\\/agb\\\" target=\\\"_blank\\\" rel=\\\"noopener\\\" data-htmlarea-external=\\\"1\\\"> TUI Cruises AGB<\\\/a><\\\/p>\\n\n\n<h3>TUI Cruises GmbH<\\\/h3>\\n\n\n<p>Heidenkampsweg 58<br \\\/>D-20097 Hamburg<br \\\/>Germany<\\\/p>\\n\n\n<p>Internet: <a title=\\\"TUI Cruises\\\" href=\\\"http:\\\/\\\/www.tuicruises.com\\\/\\\" target=\\\"_blank\\\" rel=\\\"noopener\\\">www.tuicruises.com<\\\/a><\\\/p>\\n\n\n<p>vertreten durch die Gesch\\u00e4ftsf\\u00fchrung der TUI Cruises GmbH:<br \\\/>Wybcke Meier (Vorsitzende), Frank Kuhlmann<\\\/p>\\n\n\n<p>Sitz der Gesellschaft: Hamburg<br \\\/>Handelsregister: Amtsgericht Hamburg<br \\\/>HRB 105222<br \\\/>Umsatzsteuer-ID: DE-259608001<\\\/p>\",\"margin\":\"default\",\"status\":\"disabled\"}}]},{\"type\":\"column\",\"props\":{\"image_position\":\"center-center\",\"position_sticky_breakpoint\":\"m\",\"width_medium\":\"1-2\"},\"children\":[{\"type\":\"text\",\"props\":{\"column_breakpoint\":\"m\",\"content\":\"\n\n<h3>Verantwortlich f\\u00fcr die Webseite<\\\/h3>\\n\n\n<p>Angaben gem\\u00e4\\u00df \\u00a75 TMG:<\\\/p>\\n\n\n<p>Full Entertainment GmbH<br \\\/>Schenefelder Str. 17<br \\\/>25596 Wacken<\\\/p>\\n\n\n<p>Handelsregisternummer: HRA 7631 PI<br \\\/>Amtsgericht Pinneberg<br \\\/>USt-Id.Nr. DE301982008<\\\/p>\\n\n\n<p>Gesch\\u00e4ftsf\\u00fchrer: Holger H\\u00fcbner<\\\/p>\\n\n\n<h3>Datenschutzbeauftragter<\\\/h3>\\n\n\n<p>Reinher Karl<br \\\/>HABEWI GmbH &amp; Co. KG, Palmaille 96, 22767 Hamburg<br \\\/>Telefon: 040\\\/ 18189800<br \\\/>Fax: 040\\\/ 181898099<br \\\/>E-Mail: datenschutz@habewi.de<\\\/p>\",\"margin\":\"default\"}}]}]},{\"type\":\"row\",\"props\":{\"layout\":\"1-2,1-2\",\"width\":\"large\"},\"children\":[{\"type\":\"column\",\"props\":{\"image_position\":\"center-center\",\"position_sticky_breakpoint\":\"m\",\"width_medium\":\"1-2\"},\"children\":[{\"name\":\"headline SUB\",\"type\":\"headline\",\"props\":{\"content\":\"Webdesign\",\"title_element\":\"h3\"}},{\"type\":\"text\",\"props\":{\"column_breakpoint\":\"m\",\"content\":\"\n\n<p><a href=\\\"https:\\\/\\\/www.buntmetall.net\\\">BUNTMETALL UG<\\\/a><\\\/p>\",\"margin\":\"default\"}}]},{\"type\":\"column\",\"props\":{\"image_position\":\"center-center\",\"position_sticky_breakpoint\":\"m\",\"width_medium\":\"1-2\"},\"children\":[{\"name\":\"headline SUB\",\"type\":\"headline\",\"props\":{\"content\":\"Fotos\",\"title_element\":\"h3\"}},{\"type\":\"text\",\"props\":{\"column_breakpoint\":\"m\",\"content\":\"\n\n<p>Buntmetall<\\\/p>\",\"margin\":\"default\",\"text_align\":\"left\"}}]}]},{\"type\":\"row\",\"children\":[{\"type\":\"column\",\"props\":{\"image_position\":\"center-center\",\"position_sticky_breakpoint\":\"m\",\"width_medium\":\"1-1\"},\"children\":[{\"name\":\"headline H2\",\"type\":\"headline\",\"props\":{\"content\":\"Haftungsausschluss\",\"title_element\":\"h3\",\"title_style\":\"h2\"}},{\"name\":\"headline SUB\",\"type\":\"headline\",\"props\":{\"content\":\"Haftung f\\u00fcr Inhalte\",\"title_element\":\"h3\"}},{\"type\":\"text\",\"props\":{\"column\":\"1-3\",\"column_breakpoint\":\"m\",\"content\":\"\n\n<p>Die Inhalte dieser Website sind mit verkehrs\\u00fcblicher Sorgfalt erstellt, jedoch \\u00fcbernimmt der Anbieter keine Gew\\u00e4hr daf\\u00fcr, dass diese richtig, vollst\\u00e4ndig und aktuell sind. Die Nutzung aller Inhalte erfolgt auf eigene Gefahr des Nutzers. Mit Namen versehene Beitr\\u00e4ge geben die Meinung des Autors und nicht des Anbieters wieder. Diese Website enth\\u00e4lt auch Verkn\\u00fcpfungen zu Websites Dritter (\\\"externe Links\\\"). Der Anbieter hat sich bei der Einrichtung der externen Links davon \\u00fcberzeugt, dass deren Inhalte keine Rechtsverst\\u00f6\\u00dfe darstellen. Der Anbieter hat weder Einfluss auf die Inhalte der durch externe Links verkn\\u00fcpften Seiten, noch deren gegenw\\u00e4rtige und k\\u00fcnftige Gestaltung. Das Setzen von externen Links zu diesen Inhalten bedeutet auch nicht, dass der Anbieter sie sich zu eigen macht. Eine anlassunabh\\u00e4ngige permanente Kontrolle der \\u00fcber externe Links verkn\\u00fcpften Inhalte ist f\\u00fcr den Anbieter nicht m\\u00f6glich. Bei Kenntnis von Rechtsverst\\u00f6\\u00dfen werden jedoch derartige externe Links unverz\\u00fcglich gel\\u00f6scht.<\\\/p>\\n\\n\n\n<p>Die auf dieser Website ver\\u00f6ffentlichten Inhalte sind urheber- und leistungsschutzrechtlich gesch\\u00fctzt. Jede nicht unmittelbar gesetzlich zugelassene Verwertung (insbesondere Vervielf\\u00e4ltigung, Bearbeitung, \\u00dcbersetzung, Einspeicherung, Verarbeitung oder Wiedergabe in Datenbanken oder anderen elektronischen Medien und Systemen) bedarf der vorherigen schriftlichen Zustimmung des Anbieters oder sonstigen Rechteinhabers. Inhalte und Rechte Dritter sind als solche gekennzeichnet. Die unerlaubte Verwertung oder Weitergabe der Inhalte (einzeln oder ganzer Seiten) ist verboten und strafbar. Nur Kopien und Downloads f\\u00fcr den pers\\u00f6nlichen, privaten und nicht kommerziellen Gebrauch sind erlaubt. Die Darstellung dieser Website in fremden Frames ist nur mit schriftlicher Erlaubnis zul\\u00e4ssig.<\\\/p>\\n\\n\n\n<p>Die Verwendung des Impressums zur gewerblichen Werbung ohne vorherige schriftliche Einwilligung ist verboten, es sei denn, es besteht bereits eine Gesch\\u00e4ftsbeziehung. Der Anbieter und alle auf dieser Website genannten Personen lehnen hiermit jeder kommerziellen Verwendung und Weitergabe ihrer Daten ab.<\\\/p>\",\"margin\":\"default\"}}]}],\"props\":{\"width\":\"large\"}}]}],\"version\":\"4.4.12\"} --><\/p>","protected":false},"excerpt":{"rendered":"<p>Impressum Verantwortlich f\u00fcr die Webseite Angaben gem\u00e4\u00df \u00a75 TMG: Full Entertainment GmbHSchenefelder Str. 1725596 Wacken Handelsregisternummer: HRA 7631 PIAmtsgericht PinnebergUSt-Id.Nr. DE301982008 Gesch\u00e4ftsf\u00fchrer: Holger H\u00fcbner Datenschutzbeauftragter Reinher KarlHABEWI GmbH &amp; Co. KG, Palmaille 96, 22767 HamburgTelefon: 040\/ 18189800Fax: 040\/ 181898099E-Mail: datenschutz@habewi.de Webdesign BUNTMETALL UG Fotos Buntmetall Haftungsausschluss Haftung f\u00fcr Inhalte Die Inhalte dieser Website sind mit [&hellip;]<\/p>","protected":false},"author":1,"featured_media":0,"parent":0,"menu_order":0,"comment_status":"closed","ping_status":"closed","template":"","meta":{"footnotes":""},"class_list":["post-47","page","type-page","status-publish","hentry"],"yoast_head":"<!-- This site is optimized with the Yoast SEO plugin v26.6 - https:\/\/yoast.com\/wordpress\/plugins\/seo\/ -->\n<title>Impressum | Full Metal Mayrhofen<\/title>\n<meta name=\"robots\" content=\"index, follow, max-snippet:-1, max-image-preview:large, max-video-preview:-1\" \/>\n<link rel=\"canonical\" href=\"https:\/\/www.full-metal-mayrhofen.com\/en\/impressum\/\" \/>\n<meta property=\"og:locale\" content=\"en_GB\" \/>\n<meta property=\"og:type\" content=\"article\" \/>\n<meta property=\"og:title\" content=\"Impressum | Full Metal Mayrhofen\" \/>\n<meta property=\"og:description\" content=\"Impressum Verantwortlich f\u00fcr die Webseite Angaben gem\u00e4\u00df \u00a75 TMG: Full Entertainment GmbHSchenefelder Str. 1725596 Wacken Handelsregisternummer: HRA 7631 PIAmtsgericht PinnebergUSt-Id.Nr. DE301982008 Gesch\u00e4ftsf\u00fchrer: Holger H\u00fcbner Datenschutzbeauftragter Reinher KarlHABEWI GmbH &amp; Co. KG, Palmaille 96, 22767 HamburgTelefon: 040\/ 18189800Fax: 040\/ 181898099E-Mail: datenschutz@habewi.de Webdesign BUNTMETALL UG Fotos Buntmetall Haftungsausschluss Haftung f\u00fcr Inhalte Die Inhalte dieser Website sind mit [&hellip;]\" \/>\n<meta property=\"og:url\" content=\"https:\/\/www.full-metal-mayrhofen.com\/en\/impressum\/\" \/>\n<meta property=\"og:site_name\" content=\"Full Metal Mayrhofen\" \/>\n<meta property=\"article:publisher\" content=\"https:\/\/www.facebook.com\/FullMetalMayrhofen.Official\/\" \/>\n<meta property=\"article:modified_time\" content=\"2024-11-15T16:05:27+00:00\" \/>\n<meta property=\"og:image\" content=\"https:\/\/www.full-metal-mayrhofen.com\/wp-content\/uploads\/2025\/01\/fmm_2025_bandposter_1024x576_241114.jpg\" \/>\n\t<meta property=\"og:image:width\" content=\"1024\" \/>\n\t<meta property=\"og:image:height\" content=\"576\" \/>\n\t<meta property=\"og:image:type\" content=\"image\/jpeg\" \/>\n<meta name=\"twitter:card\" content=\"summary_large_image\" \/>\n<meta name=\"twitter:label1\" content=\"Estimated reading time\" \/>\n\t<meta name=\"twitter:data1\" content=\"2 minutes\" \/>\n<script type=\"application\/ld+json\" class=\"yoast-schema-graph\">{\"@context\":\"https:\/\/schema.org\",\"@graph\":[{\"@type\":\"WebPage\",\"@id\":\"https:\/\/www.full-metal-mayrhofen.com\/de\/impressum\/\",\"url\":\"https:\/\/www.full-metal-mayrhofen.com\/de\/impressum\/\",\"name\":\"Impressum | Full Metal Mayrhofen\",\"isPartOf\":{\"@id\":\"https:\/\/www.full-metal-mayrhofen.com\/de\/#website\"},\"datePublished\":\"2024-10-11T12:44:32+00:00\",\"dateModified\":\"2024-11-15T16:05:27+00:00\",\"breadcrumb\":{\"@id\":\"https:\/\/www.full-metal-mayrhofen.com\/de\/impressum\/#breadcrumb\"},\"inLanguage\":\"en-GB\",\"potentialAction\":[{\"@type\":\"ReadAction\",\"target\":[\"https:\/\/www.full-metal-mayrhofen.com\/de\/impressum\/\"]}]},{\"@type\":\"BreadcrumbList\",\"@id\":\"https:\/\/www.full-metal-mayrhofen.com\/de\/impressum\/#breadcrumb\",\"itemListElement\":[{\"@type\":\"ListItem\",\"position\":1,\"name\":\"Startseite\",\"item\":\"https:\/\/www.full-metal-mayrhofen.com\/\"},{\"@type\":\"ListItem\",\"position\":2,\"name\":\"Impressum\"}]},{\"@type\":\"WebSite\",\"@id\":\"https:\/\/www.full-metal-mayrhofen.com\/de\/#website\",\"url\":\"https:\/\/www.full-metal-mayrhofen.com\/de\/\",\"name\":\"Full Metal Mayrhofen\",\"description\":\"\",\"publisher\":{\"@id\":\"https:\/\/www.full-metal-mayrhofen.com\/de\/#organization\"},\"potentialAction\":[{\"@type\":\"SearchAction\",\"target\":{\"@type\":\"EntryPoint\",\"urlTemplate\":\"https:\/\/www.full-metal-mayrhofen.com\/de\/?s={search_term_string}\"},\"query-input\":{\"@type\":\"PropertyValueSpecification\",\"valueRequired\":true,\"valueName\":\"search_term_string\"}}],\"inLanguage\":\"en-GB\"},{\"@type\":\"Organization\",\"@id\":\"https:\/\/www.full-metal-mayrhofen.com\/de\/#organization\",\"name\":\"Full Metal Mayrhofen\",\"url\":\"https:\/\/www.full-metal-mayrhofen.com\/de\/\",\"logo\":{\"@type\":\"ImageObject\",\"inLanguage\":\"en-GB\",\"@id\":\"https:\/\/www.full-metal-mayrhofen.com\/de\/#\/schema\/logo\/image\/\",\"url\":\"https:\/\/www.full-metal-mayrhofen.com\/wp-content\/uploads\/2024\/11\/FMM_2025_Logo_RZ_300.png\",\"contentUrl\":\"https:\/\/www.full-metal-mayrhofen.com\/wp-content\/uploads\/2024\/11\/FMM_2025_Logo_RZ_300.png\",\"width\":300,\"height\":222,\"caption\":\"Full Metal Mayrhofen\"},\"image\":{\"@id\":\"https:\/\/www.full-metal-mayrhofen.com\/de\/#\/schema\/logo\/image\/\"},\"sameAs\":[\"https:\/\/www.facebook.com\/FullMetalMayrhofen.Official\/\",\"https:\/\/www.instagram.com\/fullmetalmayrhofen.official\/\"]}]}<\/script>\n<!-- \/ Yoast SEO plugin. -->","yoast_head_json":{"title":"Impressum | Full Metal Mayrhofen","robots":{"index":"index","follow":"follow","max-snippet":"max-snippet:-1","max-image-preview":"max-image-preview:large","max-video-preview":"max-video-preview:-1"},"canonical":"https:\/\/www.full-metal-mayrhofen.com\/en\/impressum\/","og_locale":"en_GB","og_type":"article","og_title":"Impressum | Full Metal Mayrhofen","og_description":"Impressum Verantwortlich f\u00fcr die Webseite Angaben gem\u00e4\u00df \u00a75 TMG: Full Entertainment GmbHSchenefelder Str. 1725596 Wacken Handelsregisternummer: HRA 7631 PIAmtsgericht PinnebergUSt-Id.Nr. DE301982008 Gesch\u00e4ftsf\u00fchrer: Holger H\u00fcbner Datenschutzbeauftragter Reinher KarlHABEWI GmbH &amp; Co. KG, Palmaille 96, 22767 HamburgTelefon: 040\/ 18189800Fax: 040\/ 181898099E-Mail: datenschutz@habewi.de Webdesign BUNTMETALL UG Fotos Buntmetall Haftungsausschluss Haftung f\u00fcr Inhalte Die Inhalte dieser Website sind mit [&hellip;]","og_url":"https:\/\/www.full-metal-mayrhofen.com\/en\/impressum\/","og_site_name":"Full Metal Mayrhofen","article_publisher":"https:\/\/www.facebook.com\/FullMetalMayrhofen.Official\/","article_modified_time":"2024-11-15T16:05:27+00:00","og_image":[{"width":1024,"height":576,"url":"https:\/\/www.full-metal-mayrhofen.com\/wp-content\/uploads\/2025\/01\/fmm_2025_bandposter_1024x576_241114.jpg","type":"image\/jpeg"}],"twitter_card":"summary_large_image","twitter_misc":{"Estimated reading time":"2 minutes"},"schema":{"@context":"https:\/\/schema.org","@graph":[{"@type":"WebPage","@id":"https:\/\/www.full-metal-mayrhofen.com\/de\/impressum\/","url":"https:\/\/www.full-metal-mayrhofen.com\/de\/impressum\/","name":"Impressum | Full Metal Mayrhofen","isPartOf":{"@id":"https:\/\/www.full-metal-mayrhofen.com\/de\/#website"},"datePublished":"2024-10-11T12:44:32+00:00","dateModified":"2024-11-15T16:05:27+00:00","breadcrumb":{"@id":"https:\/\/www.full-metal-mayrhofen.com\/de\/impressum\/#breadcrumb"},"inLanguage":"en-GB","potentialAction":[{"@type":"ReadAction","target":["https:\/\/www.full-metal-mayrhofen.com\/de\/impressum\/"]}]},{"@type":"BreadcrumbList","@id":"https:\/\/www.full-metal-mayrhofen.com\/de\/impressum\/#breadcrumb","itemListElement":[{"@type":"ListItem","position":1,"name":"Startseite","item":"https:\/\/www.full-metal-mayrhofen.com\/"},{"@type":"ListItem","position":2,"name":"Impressum"}]},{"@type":"WebSite","@id":"https:\/\/www.full-metal-mayrhofen.com\/de\/#website","url":"https:\/\/www.full-metal-mayrhofen.com\/de\/","name":"Full Metal Mayrhofen","description":"","publisher":{"@id":"https:\/\/www.full-metal-mayrhofen.com\/de\/#organization"},"potentialAction":[{"@type":"SearchAction","target":{"@type":"EntryPoint","urlTemplate":"https:\/\/www.full-metal-mayrhofen.com\/de\/?s={search_term_string}"},"query-input":{"@type":"PropertyValueSpecification","valueRequired":true,"valueName":"search_term_string"}}],"inLanguage":"en-GB"},{"@type":"Organization","@id":"https:\/\/www.full-metal-mayrhofen.com\/de\/#organization","name":"Full Metal Mayrhofen","url":"https:\/\/www.full-metal-mayrhofen.com\/de\/","logo":{"@type":"ImageObject","inLanguage":"en-GB","@id":"https:\/\/www.full-metal-mayrhofen.com\/de\/#\/schema\/logo\/image\/","url":"https:\/\/www.full-metal-mayrhofen.com\/wp-content\/uploads\/2024\/11\/FMM_2025_Logo_RZ_300.png","contentUrl":"https:\/\/www.full-metal-mayrhofen.com\/wp-content\/uploads\/2024\/11\/FMM_2025_Logo_RZ_300.png","width":300,"height":222,"caption":"Full Metal Mayrhofen"},"image":{"@id":"https:\/\/www.full-metal-mayrhofen.com\/de\/#\/schema\/logo\/image\/"},"sameAs":["https:\/\/www.facebook.com\/FullMetalMayrhofen.Official\/","https:\/\/www.instagram.com\/fullmetalmayrhofen.official\/"]}]}},"_links":{"self":[{"href":"https:\/\/www.full-metal-mayrhofen.com\/en\/wp-json\/wp\/v2\/pages\/47","targetHints":{"allow":["GET"]}}],"collection":[{"href":"https:\/\/www.full-metal-mayrhofen.com\/en\/wp-json\/wp\/v2\/pages"}],"about":[{"href":"https:\/\/www.full-metal-mayrhofen.com\/en\/wp-json\/wp\/v2\/types\/page"}],"author":[{"embeddable":true,"href":"https:\/\/www.full-metal-mayrhofen.com\/en\/wp-json\/wp\/v2\/users\/1"}],"replies":[{"embeddable":true,"href":"https:\/\/www.full-metal-mayrhofen.com\/en\/wp-json\/wp\/v2\/comments?post=47"}],"version-history":[{"count":10,"href":"https:\/\/www.full-metal-mayrhofen.com\/en\/wp-json\/wp\/v2\/pages\/47\/revisions"}],"predecessor-version":[{"id":622,"href":"https:\/\/www.full-metal-mayrhofen.com\/en\/wp-json\/wp\/v2\/pages\/47\/revisions\/622"}],"wp:attachment":[{"href":"https:\/\/www.full-metal-mayrhofen.com\/en\/wp-json\/wp\/v2\/media?parent=47"}],"curies":[{"name":"wp","href":"https:\/\/api.w.org\/{rel}","templated":true}]}}