{"id":593,"date":"2024-11-15T11:53:25","date_gmt":"2024-11-15T10:53:25","guid":{"rendered":"https:\/\/www.full-metal-mayrhofen.com\/?page_id=593"},"modified":"2026-03-10T11:18:22","modified_gmt":"2026-03-10T10:18:22","slug":"running-order","status":"publish","type":"page","link":"https:\/\/www.full-metal-mayrhofen.com\/en\/running-order\/","title":{"rendered":"Running Order"},"content":{"rendered":"<h1>Running Order<\/h1>\n<hr>\n<h2>\n<p>The running order for Full Metal Mayrhofen<\/p>\n<\/h2>\n<h1>\n<p>So nothing gets in the way of your holiday plans<\/p>\n<\/h1>\n<div>\n<p>Here you can find the running order for Full Metal Mayrhofen. So you already know which of your favourite bands are playing when and can plan your ultimate winter holiday.<\/p>\n<\/div>\n<div>\n<p style=\"text-align: center;\"><a href=\"https:\/\/www.full-metal-mayrhofen.com\/wp-content\/uploads\/2026\/03\/fmm_2026_running-order_A4_4C_260309-1.pdf\" target=\"_blank\" rel=\"noopener\">Running order PDF download color<\/a><br \/><a href=\"https:\/\/www.full-metal-mayrhofen.com\/wp-content\/uploads\/2026\/03\/fmm_2026_running-order_A4_sw_260309-1.pdf\" target=\"_blank\" rel=\"noopener\">Running order PDF download s\/w<\/a><\/p>\n<\/div>\n<p><img decoding=\"async\" src=\"\/wp-content\/uploads\/2026\/03\/fmm_26_running-order_16-9_260309.jpg\" alt=\"\"><\/p>\n<p><!--more--><br \/>\n<!-- {\"type\":\"layout\",\"children\":[{\"type\":\"section\",\"props\":{\"height\":\"pixels\",\"height_viewport\":300,\"image_position\":\"center-center\",\"padding\":\"large\",\"padding_remove_bottom\":false,\"style\":\"default\",\"title_breakpoint\":\"xl\",\"title_position\":\"top-left\",\"title_rotation\":\"left\",\"vertical_align\":\"middle\",\"width\":\"default\"},\"children\":[{\"type\":\"row\",\"children\":[{\"type\":\"column\",\"props\":{\"image_position\":\"center-center\",\"position_sticky_breakpoint\":\"m\"},\"children\":[{\"type\":\"headline\",\"props\":{\"content\":\"Running Order\",\"text_align\":\"center\",\"title_element\":\"h1\",\"title_style\":\"h5\"}},{\"type\":\"divider\",\"props\":{\"block_align\":\"center\",\"divider_element\":\"hr\",\"divider_style\":\"icon\",\"maxwidth\":\"medium\"}},{\"type\":\"headline\",\"props\":{\"block_align\":\"center\",\"content\":\"\n\n<p>Die Running Order f\\u00fcr Full Metal Mayrhofen<\\\/p>\",\"margin_remove_bottom\":true,\"margin_remove_top\":false,\"maxwidth\":\"2xlarge\",\"text_align\":\"center\",\"title_element\":\"h2\",\"title_style\":\"h1\"}},{\"type\":\"headline\",\"props\":{\"content\":\"\n\n<p>Damit eurer Planung nichts im Wege steht<\\\/p>\",\"margin\":\"small\",\"margin_remove_top\":false,\"text_align\":\"center\",\"title_color\":\"primary\",\"title_element\":\"h1\",\"title_style\":\"h3\"}},{\"type\":\"text\",\"props\":{\"block_align\":\"center\",\"column_breakpoint\":\"m\",\"content\":\"\n\n<p>Hier findet ihr die Running Order f\\u00fcr Full Metal Mayrhofen. So wisst ihr schon jetzt, welche eurer Lieblingsbands wann spielt und k\\u00f6nnt euren ultimativen Winterurlaub planen.<\\\/p>\",\"margin\":\"medium\",\"maxwidth\":\"2xlarge\",\"text_align\":\"center\"}},{\"type\":\"text\",\"props\":{\"block_align\":\"center\",\"column_breakpoint\":\"m\",\"content\":\"\n\n<p>Hier k\\u00f6nnt ihr bereits sehen an welchem Tag welche eurer Lieblingsbands spielen und k\\u00f6nnt euren ultimativen Winterurlaub planen.<\\\/p>\",\"margin\":\"medium\",\"maxwidth\":\"2xlarge\",\"status\":\"disabled\",\"text_align\":\"center\"}}]}]},{\"type\":\"row\",\"children\":[{\"type\":\"column\",\"props\":{\"image_position\":\"center-center\",\"position_sticky_breakpoint\":\"m\"},\"children\":[{\"type\":\"text\",\"props\":{\"blend\":false,\"column_breakpoint\":\"m\",\"content\":\"\n\n<p style=\\\"text-align: center;\\\"><a href=\\\"https:\\\/\\\/www.full-metal-mayrhofen.com\\\/wp-content\\\/uploads\\\/2026\\\/03\\\/fmm_2026_running-order_A4_4C_260309-1.pdf\\\" target=\\\"_blank\\\" rel=\\\"noopener\\\">Running Order PDF Download farbe<\\\/a><br \\\/><a href=\\\"https:\\\/\\\/www.full-metal-mayrhofen.com\\\/wp-content\\\/uploads\\\/2026\\\/03\\\/fmm_2026_running-order_A4_sw_260309-1.pdf\\\" target=\\\"_blank\\\" rel=\\\"noopener\\\">Running Order PDF Download s\\\/w<\\\/a><\\\/p>\",\"margin\":\"default\",\"margin_remove_bottom\":false,\"margin_remove_top\":false}},{\"type\":\"image\",\"props\":{\"image\":\"wp-content\\\/uploads\\\/2026\\\/03\\\/fmm_26_running-order_16-9_260309.jpg\",\"image_svg_color\":\"emphasis\",\"margin\":\"default\",\"text_align\":\"center\"}}]}]}]}],\"version\":\"4.5.33\"} --><\/p>","protected":false},"excerpt":{"rendered":"<p>Running Order Die Running Order f\u00fcr Full Metal Mayrhofen Damit eurer Planung nichts im Wege steht Hier findet ihr die Running Order f\u00fcr Full Metal Mayrhofen. So wisst ihr schon jetzt, welche eurer Lieblingsbands wann spielt und k\u00f6nnt euren ultimativen Winterurlaub planen. Running Order PDF Download farbeRunning Order PDF Download s\/w<\/p>","protected":false},"author":3,"featured_media":0,"parent":0,"menu_order":0,"comment_status":"closed","ping_status":"closed","template":"","meta":{"footnotes":""},"class_list":["post-593","page","type-page","status-publish","hentry"],"yoast_head":"<!-- This site is optimized with the Yoast SEO plugin v26.6 - https:\/\/yoast.com\/wordpress\/plugins\/seo\/ -->\n<title>Running Order | Full Metal Mayrhofen<\/title>\n<meta name=\"robots\" content=\"index, follow, max-snippet:-1, max-image-preview:large, max-video-preview:-1\" \/>\n<link rel=\"canonical\" href=\"https:\/\/www.full-metal-mayrhofen.com\/en\/running-order\/\" \/>\n<meta property=\"og:locale\" content=\"en_GB\" \/>\n<meta property=\"og:type\" content=\"article\" \/>\n<meta property=\"og:title\" content=\"Running Order | Full Metal Mayrhofen\" \/>\n<meta property=\"og:description\" content=\"Running Order Die Running Order f\u00fcr Full Metal Mayrhofen Damit eurer Planung nichts im Wege steht Hier findet ihr die Running Order f\u00fcr Full Metal Mayrhofen. So wisst ihr schon jetzt, welche eurer Lieblingsbands wann spielt und k\u00f6nnt euren ultimativen Winterurlaub planen. Running Order PDF Download farbeRunning Order PDF Download s\/w\" \/>\n<meta property=\"og:url\" content=\"https:\/\/www.full-metal-mayrhofen.com\/en\/running-order\/\" \/>\n<meta property=\"og:site_name\" content=\"Full Metal Mayrhofen\" \/>\n<meta property=\"article:publisher\" content=\"https:\/\/www.facebook.com\/FullMetalMayrhofen.Official\/\" \/>\n<meta property=\"article:modified_time\" content=\"2026-03-10T10:18:22+00:00\" \/>\n<meta property=\"og:image\" content=\"https:\/\/www.full-metal-mayrhofen.com\/wp-content\/uploads\/2025\/01\/fmm_2025_bandposter_1024x576_241114.jpg\" \/>\n\t<meta property=\"og:image:width\" content=\"1024\" \/>\n\t<meta property=\"og:image:height\" content=\"576\" \/>\n\t<meta property=\"og:image:type\" content=\"image\/jpeg\" \/>\n<meta name=\"twitter:card\" content=\"summary_large_image\" \/>\n<script type=\"application\/ld+json\" class=\"yoast-schema-graph\">{\"@context\":\"https:\/\/schema.org\",\"@graph\":[{\"@type\":\"WebPage\",\"@id\":\"https:\/\/www.full-metal-mayrhofen.com\/running-order\/\",\"url\":\"https:\/\/www.full-metal-mayrhofen.com\/running-order\/\",\"name\":\"Running Order | Full Metal Mayrhofen\",\"isPartOf\":{\"@id\":\"https:\/\/www.full-metal-mayrhofen.com\/de\/#website\"},\"datePublished\":\"2024-11-15T10:53:25+00:00\",\"dateModified\":\"2026-03-10T10:18:22+00:00\",\"breadcrumb\":{\"@id\":\"https:\/\/www.full-metal-mayrhofen.com\/running-order\/#breadcrumb\"},\"inLanguage\":\"en-GB\",\"potentialAction\":[{\"@type\":\"ReadAction\",\"target\":[\"https:\/\/www.full-metal-mayrhofen.com\/running-order\/\"]}]},{\"@type\":\"BreadcrumbList\",\"@id\":\"https:\/\/www.full-metal-mayrhofen.com\/running-order\/#breadcrumb\",\"itemListElement\":[{\"@type\":\"ListItem\",\"position\":1,\"name\":\"Startseite\",\"item\":\"https:\/\/www.full-metal-mayrhofen.com\/\"},{\"@type\":\"ListItem\",\"position\":2,\"name\":\"Running Order\"}]},{\"@type\":\"WebSite\",\"@id\":\"https:\/\/www.full-metal-mayrhofen.com\/de\/#website\",\"url\":\"https:\/\/www.full-metal-mayrhofen.com\/de\/\",\"name\":\"Full Metal Mayrhofen\",\"description\":\"\",\"publisher\":{\"@id\":\"https:\/\/www.full-metal-mayrhofen.com\/de\/#organization\"},\"potentialAction\":[{\"@type\":\"SearchAction\",\"target\":{\"@type\":\"EntryPoint\",\"urlTemplate\":\"https:\/\/www.full-metal-mayrhofen.com\/de\/?s={search_term_string}\"},\"query-input\":{\"@type\":\"PropertyValueSpecification\",\"valueRequired\":true,\"valueName\":\"search_term_string\"}}],\"inLanguage\":\"en-GB\"},{\"@type\":\"Organization\",\"@id\":\"https:\/\/www.full-metal-mayrhofen.com\/de\/#organization\",\"name\":\"Full Metal Mayrhofen\",\"url\":\"https:\/\/www.full-metal-mayrhofen.com\/de\/\",\"logo\":{\"@type\":\"ImageObject\",\"inLanguage\":\"en-GB\",\"@id\":\"https:\/\/www.full-metal-mayrhofen.com\/de\/#\/schema\/logo\/image\/\",\"url\":\"https:\/\/www.full-metal-mayrhofen.com\/wp-content\/uploads\/2024\/11\/FMM_2025_Logo_RZ_300.png\",\"contentUrl\":\"https:\/\/www.full-metal-mayrhofen.com\/wp-content\/uploads\/2024\/11\/FMM_2025_Logo_RZ_300.png\",\"width\":300,\"height\":222,\"caption\":\"Full Metal Mayrhofen\"},\"image\":{\"@id\":\"https:\/\/www.full-metal-mayrhofen.com\/de\/#\/schema\/logo\/image\/\"},\"sameAs\":[\"https:\/\/www.facebook.com\/FullMetalMayrhofen.Official\/\",\"https:\/\/www.instagram.com\/fullmetalmayrhofen.official\/\"]}]}<\/script>\n<!-- \/ Yoast SEO plugin. -->","yoast_head_json":{"title":"Running Order | Full Metal Mayrhofen","robots":{"index":"index","follow":"follow","max-snippet":"max-snippet:-1","max-image-preview":"max-image-preview:large","max-video-preview":"max-video-preview:-1"},"canonical":"https:\/\/www.full-metal-mayrhofen.com\/en\/running-order\/","og_locale":"en_GB","og_type":"article","og_title":"Running Order | Full Metal Mayrhofen","og_description":"Running Order Die Running Order f\u00fcr Full Metal Mayrhofen Damit eurer Planung nichts im Wege steht Hier findet ihr die Running Order f\u00fcr Full Metal Mayrhofen. So wisst ihr schon jetzt, welche eurer Lieblingsbands wann spielt und k\u00f6nnt euren ultimativen Winterurlaub planen. Running Order PDF Download farbeRunning Order PDF Download s\/w","og_url":"https:\/\/www.full-metal-mayrhofen.com\/en\/running-order\/","og_site_name":"Full Metal Mayrhofen","article_publisher":"https:\/\/www.facebook.com\/FullMetalMayrhofen.Official\/","article_modified_time":"2026-03-10T10:18:22+00:00","og_image":[{"width":1024,"height":576,"url":"https:\/\/www.full-metal-mayrhofen.com\/wp-content\/uploads\/2025\/01\/fmm_2025_bandposter_1024x576_241114.jpg","type":"image\/jpeg"}],"twitter_card":"summary_large_image","schema":{"@context":"https:\/\/schema.org","@graph":[{"@type":"WebPage","@id":"https:\/\/www.full-metal-mayrhofen.com\/running-order\/","url":"https:\/\/www.full-metal-mayrhofen.com\/running-order\/","name":"Running Order | Full Metal Mayrhofen","isPartOf":{"@id":"https:\/\/www.full-metal-mayrhofen.com\/de\/#website"},"datePublished":"2024-11-15T10:53:25+00:00","dateModified":"2026-03-10T10:18:22+00:00","breadcrumb":{"@id":"https:\/\/www.full-metal-mayrhofen.com\/running-order\/#breadcrumb"},"inLanguage":"en-GB","potentialAction":[{"@type":"ReadAction","target":["https:\/\/www.full-metal-mayrhofen.com\/running-order\/"]}]},{"@type":"BreadcrumbList","@id":"https:\/\/www.full-metal-mayrhofen.com\/running-order\/#breadcrumb","itemListElement":[{"@type":"ListItem","position":1,"name":"Startseite","item":"https:\/\/www.full-metal-mayrhofen.com\/"},{"@type":"ListItem","position":2,"name":"Running Order"}]},{"@type":"WebSite","@id":"https:\/\/www.full-metal-mayrhofen.com\/de\/#website","url":"https:\/\/www.full-metal-mayrhofen.com\/de\/","name":"Full Metal Mayrhofen","description":"","publisher":{"@id":"https:\/\/www.full-metal-mayrhofen.com\/de\/#organization"},"potentialAction":[{"@type":"SearchAction","target":{"@type":"EntryPoint","urlTemplate":"https:\/\/www.full-metal-mayrhofen.com\/de\/?s={search_term_string}"},"query-input":{"@type":"PropertyValueSpecification","valueRequired":true,"valueName":"search_term_string"}}],"inLanguage":"en-GB"},{"@type":"Organization","@id":"https:\/\/www.full-metal-mayrhofen.com\/de\/#organization","name":"Full Metal Mayrhofen","url":"https:\/\/www.full-metal-mayrhofen.com\/de\/","logo":{"@type":"ImageObject","inLanguage":"en-GB","@id":"https:\/\/www.full-metal-mayrhofen.com\/de\/#\/schema\/logo\/image\/","url":"https:\/\/www.full-metal-mayrhofen.com\/wp-content\/uploads\/2024\/11\/FMM_2025_Logo_RZ_300.png","contentUrl":"https:\/\/www.full-metal-mayrhofen.com\/wp-content\/uploads\/2024\/11\/FMM_2025_Logo_RZ_300.png","width":300,"height":222,"caption":"Full Metal Mayrhofen"},"image":{"@id":"https:\/\/www.full-metal-mayrhofen.com\/de\/#\/schema\/logo\/image\/"},"sameAs":["https:\/\/www.facebook.com\/FullMetalMayrhofen.Official\/","https:\/\/www.instagram.com\/fullmetalmayrhofen.official\/"]}]}},"_links":{"self":[{"href":"https:\/\/www.full-metal-mayrhofen.com\/en\/wp-json\/wp\/v2\/pages\/593","targetHints":{"allow":["GET"]}}],"collection":[{"href":"https:\/\/www.full-metal-mayrhofen.com\/en\/wp-json\/wp\/v2\/pages"}],"about":[{"href":"https:\/\/www.full-metal-mayrhofen.com\/en\/wp-json\/wp\/v2\/types\/page"}],"author":[{"embeddable":true,"href":"https:\/\/www.full-metal-mayrhofen.com\/en\/wp-json\/wp\/v2\/users\/3"}],"replies":[{"embeddable":true,"href":"https:\/\/www.full-metal-mayrhofen.com\/en\/wp-json\/wp\/v2\/comments?post=593"}],"version-history":[{"count":10,"href":"https:\/\/www.full-metal-mayrhofen.com\/en\/wp-json\/wp\/v2\/pages\/593\/revisions"}],"predecessor-version":[{"id":1254,"href":"https:\/\/www.full-metal-mayrhofen.com\/en\/wp-json\/wp\/v2\/pages\/593\/revisions\/1254"}],"wp:attachment":[{"href":"https:\/\/www.full-metal-mayrhofen.com\/en\/wp-json\/wp\/v2\/media?parent=593"}],"curies":[{"name":"wp","href":"https:\/\/api.w.org\/{rel}","templated":true}]}}